






{"id":684,"date":"2012-01-11T11:21:06","date_gmt":"2012-01-11T10:21:06","guid":{"rendered":"http:\/\/pcpd.pl\/dev6\/?page_id=684"},"modified":"2023-10-20T12:22:19","modified_gmt":"2023-10-20T10:22:19","slug":"kolokacja","status":"publish","type":"page","link":"https:\/\/pcpd.pl\/?page_id=684","title":{"rendered":"KOLOKACJA"},"content":{"rendered":"\n<p align=\"justify\"><blockquote><p><span style=\"font-size:20px;\">&rdquo;<\/span> <strong>Hoteling, kolokacja<\/strong> \u2013 us\u0142uga (zwykle informatyczna) polegaj\u0105ca na ulokowaniu sprz\u0119tu klienta w siedzibie (serwerowni) dostawcy, kt\u00f3ry zobowi\u0105zuje si\u0119 do utrzymania tego sprz\u0119tu. Us\u0142uga \u015bwiadczona przez ISP (Internet Service Provider) polegaj\u0105ca na udost\u0119pnieniu zasob\u00f3w serwerowni. W ramach us\u0142ugi klient mo\u017ce otrzymywa\u0107 miejsce w szafie serwerowej, dost\u0119p do sieci, zasilanie i wsparcie administrator\u00f3w, samemu dostarczaj\u0105c serwer(y), czym r\u00f3\u017cni si\u0119 ta us\u0142uga od hostingu. <span style=\"font-size:20px;\">&ldquo;<\/span><\/p><cite>\u017ar\u00f3d\u0142o, <a href=\"http:\/\/pl.wikipedia.org\/wiki\/Hoteling\" target=\"_blank\">Wikipedia<\/a><\/cite><\/blockquote><\/p>\n<div class=\"two_third\">\n<p align=\"justify\">W dzisiejszych czasach istnienie wielu firm zale\u017cy od ich obecno\u015bci w globalnej sieci Internet, co jest zwi\u0105zane z posiadaniem w\u0142asnych, niezawodnych serwer\u00f3w funkcjonuj\u0105cych w trybie 24\/7.<\/p>\n<p align=\"justify\">Klienci Pomorskiego Centrum Przetwarzania Danych nie musz\u0105 inwestowa\u0107 w budow\u0119 w\u0142asnych serwerowni, zakup kosztownego sprz\u0119tu telekomunikacyjnego, ani ponosi\u0107 koszt\u00f3w utrzymania i szkolenia zespo\u0142u specjalist\u00f3w odpowiedzialnych za eksploatacj\u0119 z\u0142o\u017conych system\u00f3w i urz\u0105dze\u0144.<\/p>\n<p style=\"text-align: justify;\"><strong>Nasza oferta kolokacji jest skierowana g\u0142\u00f3wnie do:<\/strong><\/p>\n\n<ul>\n \t<li>Instytucji posiadaj\u0105cych du\u017ce ilo\u015bci wra\u017cliwych danych do przetworzenia i zabezpieczenia: np. administracja pa\u0144stwowa ; s\u0142u\u017cba zdrowia ; innowacyjne firmy technologiczne<\/li>\n \t<li>Firm us\u0142ugowych o rozproszonej strukturze geograficznej oraz zatrudniaj\u0105cych telepracownik\u00f3w i przedstawicieli w terenie<\/li>\n \t<li>Sklep\u00f3w internetowych, portali, call center i innych firm opieraj\u0105cych swoj\u0105 dzia\u0142alno\u015b\u0107 o sie\u0107 internet<\/li>\n<\/ul>\n<\/div>\n\n<div class=\"one_third no-margin\">\n<img loading=\"lazy\" decoding=\"async\" class=\"alignright size-medium wp-image-747\" title=\"szafy serwerowe\" src=\"http:\/\/pcpd.pl\/wp-content\/uploads\/2017\/06\/DSC_0374.jpg\" alt=\"\" width=\"290\" height=\"225\" \/>\n<a href=\"http:\/\/pcpd.pl\/?page_id=1543\"class=\"big-btn green\" target=\"_self\">Wi\u0119cej o infrastrukturze Data Center PCPD<\/a>\n<\/p><\/div>\n<table width=\"100%\">\n<thead>\n<tr>\n<td style=\"width: 25%;\"><strong>Warianty kolokacji<\/strong><\/td>\n<td style=\"width: 50%;\"><strong>Opis \/ zastosowanie<\/strong><\/td>\n<td style=\"width: 25%;\"><strong>Cena:<\/strong><\/td>\n<\/tr>\n<tr>\n<td><b>Kolokacja urz\u0105dzenia 1U* typu rack<\/b><\/td>\n<td>kolokacja pojedynczych urz\u0105dze\u0144 w klimatyzowanej, wsp\u00f3\u0142dzielonej szafie rack 19\" (42U)<\/td>\n<td>\n<p align=\"center\">85 zl \/ m-c (netto)<\/p>\n<\/td>\n<\/tr>\n<tr>\n<td><strong>Kolokacja fizycznie wydzielonej przestrzeni z kilkoma szafami<\/strong><\/td>\n<td>\n<p align=\"justify\">Mo\u017cliwe jest wydzielenie fizycznej przestrzeni na grup\u0119 szaf, dost\u0119pnej tylko dla Klienta. W\u0142asna serwerownia lub Disaster Recovery Center - zapasowe centrum danych, w razie nieoczekiwanych awarii system\u00f3w informatycznych Klienta, DRC przejmie funkcje \u015brodowiska produkcyjnego.<\/p>\n<\/td>\n<td style=\"vertical-align: middle;\">\n<p align=\"center\"><a href=\"http:\/\/pcpd.pl\/?page_id=1086\"class=\"big-btn red\" target=\"_self\">wycena indywidualna<\/a><\/p>\n<\/td>\n<\/tr>\n<\/thead>\n<\/table>\n<p align=\"justify\">* 1U (od ang. unit) \u2013 jednostka d\u0142ugo\u015bci = 44,45 mm<\/p>\n<p align=\"justify\">** Wiemy, \u017ce ka\u017cdy z naszych Klient\u00f3w ma inne potrzeby - wp\u0142ywa na to wiele zmiennych np. wymagana moc znamionowa na szaf\u0119, zam\u00f3wione \u0142\u0105cze itp. Dlatego zapewniamy indywidualne rozwi\u0105zania, dzi\u0119ki kt\u00f3rym mo\u017cna zaoszcz\u0119dzi\u0107 czas i pieni\u0105dze.<\/p>\n<div class=\"two_third\">\n<h4>Zalety naszych us\u0142ug:<\/h4>\n<ul>\n \t<li><strong>redukcja koszt\u00f3w<\/strong> zwi\u0105zanych z zakupem i utrzymaniem infrastruktury Data Center\u00a0w bezpiecznej lokalizacji, spe\u0142niaj\u0105cej odpowiednie wymagania fizyczne i sieciowe.<\/li>\n \t<li><strong>ci\u0105g\u0142a praca system\u00f3w i infrastruktury<\/strong>\u00a0nadzorowana przez system monitoringu parametr\u00f3w \u015brodowiska i infrastruktury<\/li>\n \t<li><strong>natychmiastowa reakcja na awarie, <\/strong>zapobieganie i likwidacja \u00a0ich skutk\u00f3w<\/li>\n \t<li><strong>bezwgl\u0119dne bezpiecze\u0144stwo danych<\/strong> - zabezpieczenia fizyczne i systemowe PCPD potwierdzone certyfikatem ISO 27001<\/li>\n \t<li>dost\u0119p do <strong>nowoczesnej\u00a0infrastruktury<\/strong> technologicznej zapewniaj\u0105cej odpowiednie warunki pracy serwer\u00f3w, w tym: temperatur\u0119, wilgotno\u015b\u0107 i mechaniczne oczyszczanie powietrza (co zapobiega odk\u0142adaniu si\u0119 kurzu w serwerze)<\/li>\n \t<li><strong>\u0142atwo\u015b\u0107 rozbudowy<\/strong> - szybka adaptacja infrastruktury do wymaga\u0144 klienta (miejsce, moc elektryczna, klimatyzacja, \u0142\u0105cza)<\/li>\n \t<li><strong>zwi\u0119kszenie efektywno\u015bci<\/strong> wykorzystania energii poprzez zastosowanie<strong> rozwi\u0105za\u0144 <\/strong><strong>\"Green IT\"<\/strong><\/li>\n<\/ul>\n<strong>Zach\u0119camy do zapoznania si\u0119 z naszym cennikiem us\u0142ug oraz aktualnymi promocjami:<\/strong>\n<p align=\"center\"><a href=\"http:\/\/pcpd.pl\/?page_id=1142\"class=\"big-btn orange\" target=\"_self\">cennik<\/a>\n<a href=\"http:\/\/pcpd.pl\/?page_id=2575\"class=\"big-btn red\" target=\"_self\">promocje<\/a><\/p>\n<\/div>\n<div class=\"one_third no-margin\">\n<h4>Us\u0142uga kolokacji obejmuje:<\/h4>\n<ul>\n \t<li>kolokacj\u0119 serwer\u00f3w w obudowach typu RACK. Dla pojedynczych serwer\u00f3w oferujemy przestrze\u0144 o wielko\u015bci r\u00f3wnej wielokrotno\u015bci jednostki U (4,45 cm) w szafach wsp\u00f3\u0142dzielonych.<\/li>\n \t<li>dzier\u017caw\u0119 ca\u0142ych szaf RACK 42Ux600x1200<\/li>\n \t<li>perforacja drzwi przednich i tylnych szafy RACK 80%<\/li>\n \t<li>nieograniczony dost\u0119p do Data Center w trybie 24\/7\/365<\/li>\n \t<li>mo\u017cliwe rozliczenie op\u0142at za rzeczywiste zu\u017cycie energii (liczniki)<\/li>\n \t<li>koszty PUE (efektywno\u015b\u0107 energetyczna)<\/li>\n \t<li>monitoring i ochron\u0119 fizyczn\u0105 na miejscu 24\/7\/365<\/li>\n<\/ul>\n<strong>\n<span style=\"color: #ff6600;\">Co jeszcze mo\u017cemy zrobi\u0107?<\/span>\n<\/strong>\n<p align=\"justify\"><span style=\"color: #ff6600;\">\npod\u0142\u0105czy\u0107 3-fazowe gwarantowane zasilanie z UPS,\nkolokowa\u0107 serwer w obudowie tower,\nzam\u00f3wi\u0107 administrowanie serwerem,\nfizycznie wydzieli\u0107 i kolokowa\u0107 cz\u0119\u015b\u0107 szafy (osobno otwierana cz\u0119\u015b\u0107 szafy),\nkolokowa\u0107 kilka szaf w wydzielonej przestrzeni serwerowni,\nzarezerwowa\u0107 przestrze\u0144 pod przysz\u0142y rozw\u00f3j.\n<\/span><\/p>\n<\/p><\/div>\n","protected":false},"excerpt":{"rendered":"<p>Warianty kolokacji Opis \/ zastosowanie Cena: Kolokacja urz\u0105dzenia 1U* typu rack kolokacja pojedynczych urz\u0105dze\u0144 w klimatyzowanej, wsp\u00f3\u0142dzielonej szafie rack 19&#8243; (42U) 85 zl \/ m-c (netto) Kolokacja fizycznie wydzielonej przestrzeni z kilkoma szafami Mo\u017cliwe jest wydzielenie fizycznej przestrzeni na grup\u0119 szaf, dost\u0119pnej tylko dla Klienta. W\u0142asna serwerownia lub Disaster Recovery Center &#8211; zapasowe centrum danych,&#8230;<\/p>\n","protected":false},"author":1,"featured_media":0,"parent":272,"menu_order":0,"comment_status":"closed","ping_status":"closed","template":"Template-Full-Width.php","meta":{"footnotes":""},"class_list":["post-684","page","type-page","status-publish","hentry"],"yoast_head":"<!-- This site is optimized with the Yoast SEO plugin v27.4 - https:\/\/yoast.com\/product\/yoast-seo-wordpress\/ -->\n<title>KOLOKACJA - Pomorskie Centrum Przetwarzania Danych<\/title>\n<meta name=\"robots\" content=\"index, follow, max-snippet:-1, max-image-preview:large, max-video-preview:-1\" \/>\n<link rel=\"canonical\" href=\"https:\/\/pcpd.pl\/?page_id=684\" \/>\n<meta property=\"og:locale\" content=\"pl_PL\" \/>\n<meta property=\"og:type\" content=\"article\" \/>\n<meta property=\"og:title\" content=\"KOLOKACJA - Pomorskie Centrum Przetwarzania Danych\" \/>\n<meta property=\"og:description\" content=\"Warianty kolokacji Opis \/ zastosowanie Cena: Kolokacja urz\u0105dzenia 1U* typu rack kolokacja pojedynczych urz\u0105dze\u0144 w klimatyzowanej, wsp\u00f3\u0142dzielonej szafie rack 19&quot; (42U) 85 zl \/ m-c (netto) Kolokacja fizycznie wydzielonej przestrzeni z kilkoma szafami Mo\u017cliwe jest wydzielenie fizycznej przestrzeni na grup\u0119 szaf, dost\u0119pnej tylko dla Klienta. W\u0142asna serwerownia lub Disaster Recovery Center - zapasowe centrum danych,...\" \/>\n<meta property=\"og:url\" content=\"https:\/\/pcpd.pl\/?page_id=684\" \/>\n<meta property=\"og:site_name\" content=\"Pomorskie Centrum Przetwarzania Danych\" \/>\n<meta property=\"article:modified_time\" content=\"2023-10-20T10:22:19+00:00\" \/>\n<meta property=\"og:image\" content=\"https:\/\/pcpd.pl\/wp-content\/uploads\/2011\/12\/szafy-serwerowe.jpg\" \/>\n\t<meta property=\"og:image:width\" content=\"640\" \/>\n\t<meta property=\"og:image:height\" content=\"480\" \/>\n\t<meta property=\"og:image:type\" content=\"image\/jpeg\" \/>\n<meta name=\"twitter:card\" content=\"summary_large_image\" \/>\n<meta name=\"twitter:label1\" content=\"Szacowany czas czytania\" \/>\n\t<meta name=\"twitter:data1\" content=\"3 minuty\" \/>\n<script type=\"application\/ld+json\" class=\"yoast-schema-graph\">{\"@context\":\"https:\\\/\\\/schema.org\",\"@graph\":[{\"@type\":\"WebPage\",\"@id\":\"https:\\\/\\\/pcpd.pl\\\/?page_id=684\",\"url\":\"https:\\\/\\\/pcpd.pl\\\/?page_id=684\",\"name\":\"KOLOKACJA - Pomorskie Centrum Przetwarzania Danych\",\"isPartOf\":{\"@id\":\"https:\\\/\\\/pcpd.pl\\\/#website\"},\"primaryImageOfPage\":{\"@id\":\"https:\\\/\\\/pcpd.pl\\\/?page_id=684#primaryimage\"},\"image\":{\"@id\":\"https:\\\/\\\/pcpd.pl\\\/?page_id=684#primaryimage\"},\"thumbnailUrl\":\"http:\\\/\\\/pcpd.pl\\\/wp-content\\\/uploads\\\/2017\\\/06\\\/DSC_0374.jpg\",\"datePublished\":\"2012-01-11T10:21:06+00:00\",\"dateModified\":\"2023-10-20T10:22:19+00:00\",\"breadcrumb\":{\"@id\":\"https:\\\/\\\/pcpd.pl\\\/?page_id=684#breadcrumb\"},\"inLanguage\":\"pl-PL\",\"potentialAction\":[{\"@type\":\"ReadAction\",\"target\":[\"https:\\\/\\\/pcpd.pl\\\/?page_id=684\"]}]},{\"@type\":\"ImageObject\",\"inLanguage\":\"pl-PL\",\"@id\":\"https:\\\/\\\/pcpd.pl\\\/?page_id=684#primaryimage\",\"url\":\"https:\\\/\\\/pcpd.pl\\\/wp-content\\\/uploads\\\/2011\\\/12\\\/szafy-serwerowe.jpg\",\"contentUrl\":\"https:\\\/\\\/pcpd.pl\\\/wp-content\\\/uploads\\\/2011\\\/12\\\/szafy-serwerowe.jpg\",\"width\":\"640\",\"height\":\"480\"},{\"@type\":\"BreadcrumbList\",\"@id\":\"https:\\\/\\\/pcpd.pl\\\/?page_id=684#breadcrumb\",\"itemListElement\":[{\"@type\":\"ListItem\",\"position\":1,\"name\":\"Strona g\u0142\u00f3wna\",\"item\":\"https:\\\/\\\/pcpd.pl\\\/\"},{\"@type\":\"ListItem\",\"position\":2,\"name\":\"OFERTA\",\"item\":\"https:\\\/\\\/pcpd.pl\\\/?page_id=272\"},{\"@type\":\"ListItem\",\"position\":3,\"name\":\"KOLOKACJA\"}]},{\"@type\":\"WebSite\",\"@id\":\"https:\\\/\\\/pcpd.pl\\\/#website\",\"url\":\"https:\\\/\\\/pcpd.pl\\\/\",\"name\":\"Pomorskie Centrum Przetwarzania Danych\",\"description\":\"Pomorskie Centrum Przetwarzania Danych\",\"potentialAction\":[{\"@type\":\"SearchAction\",\"target\":{\"@type\":\"EntryPoint\",\"urlTemplate\":\"https:\\\/\\\/pcpd.pl\\\/?s={search_term_string}\"},\"query-input\":{\"@type\":\"PropertyValueSpecification\",\"valueRequired\":true,\"valueName\":\"search_term_string\"}}],\"inLanguage\":\"pl-PL\"}]}<\/script>\n<!-- \/ Yoast SEO plugin. -->","yoast_head_json":{"title":"KOLOKACJA - Pomorskie Centrum Przetwarzania Danych","robots":{"index":"index","follow":"follow","max-snippet":"max-snippet:-1","max-image-preview":"max-image-preview:large","max-video-preview":"max-video-preview:-1"},"canonical":"https:\/\/pcpd.pl\/?page_id=684","og_locale":"pl_PL","og_type":"article","og_title":"KOLOKACJA - Pomorskie Centrum Przetwarzania Danych","og_description":"Warianty kolokacji Opis \/ zastosowanie Cena: Kolokacja urz\u0105dzenia 1U* typu rack kolokacja pojedynczych urz\u0105dze\u0144 w klimatyzowanej, wsp\u00f3\u0142dzielonej szafie rack 19\" (42U) 85 zl \/ m-c (netto) Kolokacja fizycznie wydzielonej przestrzeni z kilkoma szafami Mo\u017cliwe jest wydzielenie fizycznej przestrzeni na grup\u0119 szaf, dost\u0119pnej tylko dla Klienta. W\u0142asna serwerownia lub Disaster Recovery Center - zapasowe centrum danych,...","og_url":"https:\/\/pcpd.pl\/?page_id=684","og_site_name":"Pomorskie Centrum Przetwarzania Danych","article_modified_time":"2023-10-20T10:22:19+00:00","og_image":[{"width":640,"height":480,"url":"https:\/\/pcpd.pl\/wp-content\/uploads\/2011\/12\/szafy-serwerowe.jpg","type":"image\/jpeg"}],"twitter_card":"summary_large_image","twitter_misc":{"Szacowany czas czytania":"3 minuty"},"schema":{"@context":"https:\/\/schema.org","@graph":[{"@type":"WebPage","@id":"https:\/\/pcpd.pl\/?page_id=684","url":"https:\/\/pcpd.pl\/?page_id=684","name":"KOLOKACJA - Pomorskie Centrum Przetwarzania Danych","isPartOf":{"@id":"https:\/\/pcpd.pl\/#website"},"primaryImageOfPage":{"@id":"https:\/\/pcpd.pl\/?page_id=684#primaryimage"},"image":{"@id":"https:\/\/pcpd.pl\/?page_id=684#primaryimage"},"thumbnailUrl":"http:\/\/pcpd.pl\/wp-content\/uploads\/2017\/06\/DSC_0374.jpg","datePublished":"2012-01-11T10:21:06+00:00","dateModified":"2023-10-20T10:22:19+00:00","breadcrumb":{"@id":"https:\/\/pcpd.pl\/?page_id=684#breadcrumb"},"inLanguage":"pl-PL","potentialAction":[{"@type":"ReadAction","target":["https:\/\/pcpd.pl\/?page_id=684"]}]},{"@type":"ImageObject","inLanguage":"pl-PL","@id":"https:\/\/pcpd.pl\/?page_id=684#primaryimage","url":"https:\/\/pcpd.pl\/wp-content\/uploads\/2011\/12\/szafy-serwerowe.jpg","contentUrl":"https:\/\/pcpd.pl\/wp-content\/uploads\/2011\/12\/szafy-serwerowe.jpg","width":"640","height":"480"},{"@type":"BreadcrumbList","@id":"https:\/\/pcpd.pl\/?page_id=684#breadcrumb","itemListElement":[{"@type":"ListItem","position":1,"name":"Strona g\u0142\u00f3wna","item":"https:\/\/pcpd.pl\/"},{"@type":"ListItem","position":2,"name":"OFERTA","item":"https:\/\/pcpd.pl\/?page_id=272"},{"@type":"ListItem","position":3,"name":"KOLOKACJA"}]},{"@type":"WebSite","@id":"https:\/\/pcpd.pl\/#website","url":"https:\/\/pcpd.pl\/","name":"Pomorskie Centrum Przetwarzania Danych","description":"Pomorskie Centrum Przetwarzania Danych","potentialAction":[{"@type":"SearchAction","target":{"@type":"EntryPoint","urlTemplate":"https:\/\/pcpd.pl\/?s={search_term_string}"},"query-input":{"@type":"PropertyValueSpecification","valueRequired":true,"valueName":"search_term_string"}}],"inLanguage":"pl-PL"}]}},"_links":{"self":[{"href":"https:\/\/pcpd.pl\/index.php?rest_route=\/wp\/v2\/pages\/684","targetHints":{"allow":["GET"]}}],"collection":[{"href":"https:\/\/pcpd.pl\/index.php?rest_route=\/wp\/v2\/pages"}],"about":[{"href":"https:\/\/pcpd.pl\/index.php?rest_route=\/wp\/v2\/types\/page"}],"author":[{"embeddable":true,"href":"https:\/\/pcpd.pl\/index.php?rest_route=\/wp\/v2\/users\/1"}],"replies":[{"embeddable":true,"href":"https:\/\/pcpd.pl\/index.php?rest_route=%2Fwp%2Fv2%2Fcomments&post=684"}],"version-history":[{"count":342,"href":"https:\/\/pcpd.pl\/index.php?rest_route=\/wp\/v2\/pages\/684\/revisions"}],"predecessor-version":[{"id":3582,"href":"https:\/\/pcpd.pl\/index.php?rest_route=\/wp\/v2\/pages\/684\/revisions\/3582"}],"up":[{"embeddable":true,"href":"https:\/\/pcpd.pl\/index.php?rest_route=\/wp\/v2\/pages\/272"}],"wp:attachment":[{"href":"https:\/\/pcpd.pl\/index.php?rest_route=%2Fwp%2Fv2%2Fmedia&parent=684"}],"curies":[{"name":"wp","href":"https:\/\/api.w.org\/{rel}","templated":true}]}}