






{"id":3273,"date":"2020-06-15T06:05:30","date_gmt":"2020-06-15T04:05:30","guid":{"rendered":"https:\/\/pcpd.pl\/?page_id=3273"},"modified":"2026-01-27T12:59:17","modified_gmt":"2026-01-27T11:59:17","slug":"cennik-intrenetuslugi-gpnt","status":"publish","type":"page","link":"https:\/\/pcpd.pl\/?page_id=3273","title":{"rendered":"Oferta dla klient\u00f3w GPN-T"},"content":{"rendered":"<p class=\"has-normal-font-size\">Na terenie Gda\u0144skiego Parku Naukowo-Technologicznego dostarczmy us\u0142ug\u0119 dost\u0119pu do sieci Internet oraz dodatkowe us\u0142ugi zawarte w cenniku.<\/p>\n<div data-wp-interactive=\"core\/file\" class=\"wp-block-file\"><object data-wp-bind--hidden=\"!state.hasPdfPreview\" hidden class=\"wp-block-file__embed\" data=\"https:\/\/pcpd.pl\/wp-content\/uploads\/2026\/01\/Oferta_cennik_2026.pdf\" type=\"application\/pdf\" style=\"width:100%;height:600px\" aria-label=\"Osadzone z Oferta_cennik_2026.\"><\/object><a id=\"wp-block-file--media-019dfd8b-5460-4983-b968-3c6fc03af7e4\" href=\"https:\/\/pcpd.pl\/wp-content\/uploads\/2026\/01\/Oferta_cennik_2026.pdf\">Oferta_cennik_2026<\/a><a href=\"https:\/\/pcpd.pl\/wp-content\/uploads\/2026\/01\/Oferta_cennik_2026.pdf\" class=\"wp-block-file__button wp-element-button\" download aria-describedby=\"wp-block-file--media-019dfd8b-5460-4983-b968-3c6fc03af7e4\">Pobierz<\/a><\/div>\n","protected":false},"excerpt":{"rendered":"<p>Na terenie Gda\u0144skiego Parku Naukowo-Technologicznego dostarczmy us\u0142ug\u0119 dost\u0119pu do sieci Internet oraz dodatkowe us\u0142ugi zawarte w cenniku.<\/p>\n","protected":false},"author":8,"featured_media":0,"parent":272,"menu_order":0,"comment_status":"closed","ping_status":"closed","template":"","meta":{"footnotes":""},"class_list":["post-3273","page","type-page","status-publish","hentry"],"yoast_head":"<!-- This site is optimized with the Yoast SEO plugin v27.5 - https:\/\/yoast.com\/product\/yoast-seo-wordpress\/ -->\n<title>Oferta dla klient\u00f3w GPN-T - Pomorskie Centrum Przetwarzania Danych<\/title>\n<meta name=\"robots\" content=\"index, follow, max-snippet:-1, max-image-preview:large, max-video-preview:-1\" \/>\n<link rel=\"canonical\" href=\"https:\/\/pcpd.pl\/?page_id=3273\" \/>\n<meta property=\"og:locale\" content=\"pl_PL\" \/>\n<meta property=\"og:type\" content=\"article\" \/>\n<meta property=\"og:title\" content=\"Oferta dla klient\u00f3w GPN-T - Pomorskie Centrum Przetwarzania Danych\" \/>\n<meta property=\"og:description\" content=\"Na terenie Gda\u0144skiego Parku Naukowo-Technologicznego dostarczmy us\u0142ug\u0119 dost\u0119pu do sieci Internet oraz dodatkowe us\u0142ugi zawarte w cenniku.\" \/>\n<meta property=\"og:url\" content=\"https:\/\/pcpd.pl\/?page_id=3273\" \/>\n<meta property=\"og:site_name\" content=\"Pomorskie Centrum Przetwarzania Danych\" \/>\n<meta property=\"article:modified_time\" content=\"2026-01-27T11:59:17+00:00\" \/>\n<meta name=\"twitter:card\" content=\"summary_large_image\" \/>\n<meta name=\"twitter:label1\" content=\"Szacowany czas czytania\" \/>\n\t<meta name=\"twitter:data1\" content=\"1 minuta\" \/>\n<script type=\"application\/ld+json\" class=\"yoast-schema-graph\">{\"@context\":\"https:\\\/\\\/schema.org\",\"@graph\":[{\"@type\":\"WebPage\",\"@id\":\"https:\\\/\\\/pcpd.pl\\\/?page_id=3273\",\"url\":\"https:\\\/\\\/pcpd.pl\\\/?page_id=3273\",\"name\":\"Oferta dla klient\u00f3w GPN-T - Pomorskie Centrum Przetwarzania Danych\",\"isPartOf\":{\"@id\":\"https:\\\/\\\/pcpd.pl\\\/#website\"},\"datePublished\":\"2020-06-15T04:05:30+00:00\",\"dateModified\":\"2026-01-27T11:59:17+00:00\",\"breadcrumb\":{\"@id\":\"https:\\\/\\\/pcpd.pl\\\/?page_id=3273#breadcrumb\"},\"inLanguage\":\"pl-PL\",\"potentialAction\":[{\"@type\":\"ReadAction\",\"target\":[\"https:\\\/\\\/pcpd.pl\\\/?page_id=3273\"]}]},{\"@type\":\"BreadcrumbList\",\"@id\":\"https:\\\/\\\/pcpd.pl\\\/?page_id=3273#breadcrumb\",\"itemListElement\":[{\"@type\":\"ListItem\",\"position\":1,\"name\":\"Strona g\u0142\u00f3wna\",\"item\":\"https:\\\/\\\/pcpd.pl\\\/\"},{\"@type\":\"ListItem\",\"position\":2,\"name\":\"OFERTA\",\"item\":\"https:\\\/\\\/pcpd.pl\\\/?page_id=272\"},{\"@type\":\"ListItem\",\"position\":3,\"name\":\"Oferta dla klient\u00f3w GPN-T\"}]},{\"@type\":\"WebSite\",\"@id\":\"https:\\\/\\\/pcpd.pl\\\/#website\",\"url\":\"https:\\\/\\\/pcpd.pl\\\/\",\"name\":\"Pomorskie Centrum Przetwarzania Danych\",\"description\":\"Pomorskie Centrum Przetwarzania Danych\",\"potentialAction\":[{\"@type\":\"SearchAction\",\"target\":{\"@type\":\"EntryPoint\",\"urlTemplate\":\"https:\\\/\\\/pcpd.pl\\\/?s={search_term_string}\"},\"query-input\":{\"@type\":\"PropertyValueSpecification\",\"valueRequired\":true,\"valueName\":\"search_term_string\"}}],\"inLanguage\":\"pl-PL\"}]}<\/script>\n<!-- \/ Yoast SEO plugin. -->","yoast_head_json":{"title":"Oferta dla klient\u00f3w GPN-T - Pomorskie Centrum Przetwarzania Danych","robots":{"index":"index","follow":"follow","max-snippet":"max-snippet:-1","max-image-preview":"max-image-preview:large","max-video-preview":"max-video-preview:-1"},"canonical":"https:\/\/pcpd.pl\/?page_id=3273","og_locale":"pl_PL","og_type":"article","og_title":"Oferta dla klient\u00f3w GPN-T - Pomorskie Centrum Przetwarzania Danych","og_description":"Na terenie Gda\u0144skiego Parku Naukowo-Technologicznego dostarczmy us\u0142ug\u0119 dost\u0119pu do sieci Internet oraz dodatkowe us\u0142ugi zawarte w cenniku.","og_url":"https:\/\/pcpd.pl\/?page_id=3273","og_site_name":"Pomorskie Centrum Przetwarzania Danych","article_modified_time":"2026-01-27T11:59:17+00:00","twitter_card":"summary_large_image","twitter_misc":{"Szacowany czas czytania":"1 minuta"},"schema":{"@context":"https:\/\/schema.org","@graph":[{"@type":"WebPage","@id":"https:\/\/pcpd.pl\/?page_id=3273","url":"https:\/\/pcpd.pl\/?page_id=3273","name":"Oferta dla klient\u00f3w GPN-T - Pomorskie Centrum Przetwarzania Danych","isPartOf":{"@id":"https:\/\/pcpd.pl\/#website"},"datePublished":"2020-06-15T04:05:30+00:00","dateModified":"2026-01-27T11:59:17+00:00","breadcrumb":{"@id":"https:\/\/pcpd.pl\/?page_id=3273#breadcrumb"},"inLanguage":"pl-PL","potentialAction":[{"@type":"ReadAction","target":["https:\/\/pcpd.pl\/?page_id=3273"]}]},{"@type":"BreadcrumbList","@id":"https:\/\/pcpd.pl\/?page_id=3273#breadcrumb","itemListElement":[{"@type":"ListItem","position":1,"name":"Strona g\u0142\u00f3wna","item":"https:\/\/pcpd.pl\/"},{"@type":"ListItem","position":2,"name":"OFERTA","item":"https:\/\/pcpd.pl\/?page_id=272"},{"@type":"ListItem","position":3,"name":"Oferta dla klient\u00f3w GPN-T"}]},{"@type":"WebSite","@id":"https:\/\/pcpd.pl\/#website","url":"https:\/\/pcpd.pl\/","name":"Pomorskie Centrum Przetwarzania Danych","description":"Pomorskie Centrum Przetwarzania Danych","potentialAction":[{"@type":"SearchAction","target":{"@type":"EntryPoint","urlTemplate":"https:\/\/pcpd.pl\/?s={search_term_string}"},"query-input":{"@type":"PropertyValueSpecification","valueRequired":true,"valueName":"search_term_string"}}],"inLanguage":"pl-PL"}]}},"_links":{"self":[{"href":"https:\/\/pcpd.pl\/index.php?rest_route=\/wp\/v2\/pages\/3273","targetHints":{"allow":["GET"]}}],"collection":[{"href":"https:\/\/pcpd.pl\/index.php?rest_route=\/wp\/v2\/pages"}],"about":[{"href":"https:\/\/pcpd.pl\/index.php?rest_route=\/wp\/v2\/types\/page"}],"author":[{"embeddable":true,"href":"https:\/\/pcpd.pl\/index.php?rest_route=\/wp\/v2\/users\/8"}],"replies":[{"embeddable":true,"href":"https:\/\/pcpd.pl\/index.php?rest_route=%2Fwp%2Fv2%2Fcomments&post=3273"}],"version-history":[{"count":15,"href":"https:\/\/pcpd.pl\/index.php?rest_route=\/wp\/v2\/pages\/3273\/revisions"}],"predecessor-version":[{"id":3865,"href":"https:\/\/pcpd.pl\/index.php?rest_route=\/wp\/v2\/pages\/3273\/revisions\/3865"}],"up":[{"embeddable":true,"href":"https:\/\/pcpd.pl\/index.php?rest_route=\/wp\/v2\/pages\/272"}],"wp:attachment":[{"href":"https:\/\/pcpd.pl\/index.php?rest_route=%2Fwp%2Fv2%2Fmedia&parent=3273"}],"curies":[{"name":"wp","href":"https:\/\/api.w.org\/{rel}","templated":true}]}}