






{"id":269,"date":"2012-01-11T10:53:58","date_gmt":"2012-01-11T10:53:58","guid":{"rendered":"http:\/\/pcpd.pl\/dev6\/?page_id=269"},"modified":"2024-10-23T17:52:40","modified_gmt":"2024-10-23T15:52:40","slug":"firma","status":"publish","type":"page","link":"https:\/\/pcpd.pl\/?page_id=269","title":{"rendered":"FIRMA"},"content":{"rendered":"\n\n<div class=\"one_half\">\n<h1>O nas<\/h1>\n<div>\n<div style=\"text-align: justify;\">Pomorskie Centrum Przetwarzania Danych Sp. z o.o. (PCPD) to tr\u00f3jmiejska firma technologiczna, kt\u00f3rej g\u0142\u00f3wnym celem jest wspieranie <a href=\"http:\/\/www.firmy.net\/organizacje,gdansk.html\">organizacji<\/a> Klient\u00f3w w kompleksowym zarz\u0105dzaniu zaawansowan\u0105 infrastruktur\u0105 techniczn\u0105 znajduj\u0105c\u0105 si\u0119 w centrach przetwarzania danych (Data Center).<\/div>\n<div style=\"text-align: justify;\">PCPD jest operatorem profesjonalnego Data Center, zlokalizowanego w <a href=\"https:\/\/gpnt.pl\/\" target=\"_blank\" rel=\"noopener noreferrer\">Gda\u0144skim Parku\nNaukowo-Technologicznym<\/a> z jego najnowocze\u015bniejsz\u0105 infrastruktur\u0105 tak\u0105\njak: pod\u0142oga techniczna, wydajny UPS z agregatem pr\u0105dotw\u00f3rczym,\nklimatyzacj\u0105 i systemem gaszenia gazowego.<\/div>\n<\/div>\n<\/div>\n\n<div class=\"one_half no-margin\">\n\n<img loading=\"lazy\" decoding=\"async\" class=\"size-large wp-image-257 aligncenter\" title=\"Logo PCPD hq\" src=\"http:\/\/pcpd.pl\/wp-content\/uploads\/2017\/06\/pcpd-logo.jpg\" alt=\"\" width=\"450\" height=\"135\"\/>\n<\/div>\n\n<div class=\"clear\"><\/div>\n\n<div class=\"one_third\">\n<p style=\"text-align: center;\"><a href=\"http:\/\/www.laczpol.pl\/\" target=\"_blank\" rel=\"noopener noreferrer\"><img loading=\"lazy\" decoding=\"async\" class=\"aligncenter size-full wp-image-420\" title=\"\u0141\u0105czpol sp. z o.o.\" src=\"http:\/\/pcpd.pl\/wp-content\/uploads\/2017\/06\/laczpol.jpg\" alt=\"\" width=\"290\" height=\"115\"\/><\/a>\n<\/div>\n\n<div class=\"two_third no-margin\">\n\n<\/p><p style=\"text-align: justify;\">G\u0142\u00f3wnym udzia\u0142owcem PCPD jest istniej\u0105ca ju\u017c od ponad 20 lat firma <a href=\"http:\/\/www.laczpol.pl\/\" target=\"_blank\" rel=\"noopener noreferrer\">\u0141\u0105czpol Sp. z o.o.<\/a> zatrudniaj\u0105ca ok. 160 os\u00f3b, kt\u00f3rej bogate do\u015bwiadczenie, profesjonalne podej\u015bcie do zada\u0144, wyspecjalizowana kadra, sprawiaj\u0105 \u017ce mo\u017ce zaoferowa\u0107 bardzo szeroki wachlarz us\u0142ug, na najwy\u017cszym, \u015bwiatowym poziomie. In\u017cynierowie zatrudnieni w firmie \u0141\u0105czpol legitymuj\u0105 si\u0119 uprawnieniami w specjalno\u015bci: konstrukcyjno - budowlanej, elektrycznej i telekomunikacyjnej w zakresie kierowania robotami jak i projektowania, kt\u00f3re to kompetencje s\u0105 kluczowe przy realizacji i eksploatacji obiekt\u00f3w Data Center.<\/p>\n<p style=\"text-align: justify;\"><\/div><\/p>\n<div class=\"clear\"><\/div>\n<strong>Kierowanie Pomorskim Centrum Przetwarzania Danych Sp. z o.o zosta\u0142o powierzone specjalistom, kt\u00f3rzy posiadaj\u0105 d\u0142ugoletnie do\u015bwiadczenie w zakresie projektowania, eksploatacji oraz zarz\u0105dzania obiektami klasy Data Center. <\/strong>\n<p style=\"white-space: pre;\"><a href=\"http:\/\/pcpd.pl\/?page_id=1413\"class=\"big-btn orange\" target=\"_self\">PCPD w mediach<\/a><\/p>\n<strong><span style=\"text-decoration: underline;\"> Dane rejestrowe:<\/span><\/strong>\n\nS\u0105d Rejonowy Gda\u0144sk-P\u00f3\u0142noc w Gda\u0144sku, VII Wydzia\u0142 Gospodarczy Krajowego Rejestru S\u0105dowego\n<div>KRS: 365691 NIP: 584-270-46-26 REGON: 221098887 Kapita\u0142 Zak\u0142adowy 50 000,00PLN<\/div>\n","protected":false},"excerpt":{"rendered":"<p>Kierowanie Pomorskim Centrum Przetwarzania Danych Sp. z o.o zosta\u0142o powierzone specjalistom, kt\u00f3rzy posiadaj\u0105 d\u0142ugoletnie do\u015bwiadczenie w zakresie projektowania, eksploatacji oraz zarz\u0105dzania obiektami klasy Data Center. Dane rejestrowe: S\u0105d Rejonowy Gda\u0144sk-P\u00f3\u0142noc w Gda\u0144sku, VII Wydzia\u0142 Gospodarczy Krajowego Rejestru S\u0105dowego KRS: 365691 NIP: 584-270-46-26 REGON: 221098887 Kapita\u0142 Zak\u0142adowy 50 000,00PLN<\/p>\n","protected":false},"author":1,"featured_media":0,"parent":0,"menu_order":0,"comment_status":"closed","ping_status":"open","template":"Template-Full-Width.php","meta":{"footnotes":""},"class_list":["post-269","page","type-page","status-publish","hentry"],"yoast_head":"<!-- This site is optimized with the Yoast SEO plugin v27.6 - https:\/\/yoast.com\/product\/yoast-seo-wordpress\/ -->\n<title>FIRMA - Pomorskie Centrum Przetwarzania Danych<\/title>\n<meta name=\"robots\" content=\"index, follow, max-snippet:-1, max-image-preview:large, max-video-preview:-1\" \/>\n<link rel=\"canonical\" href=\"https:\/\/pcpd.pl\/?page_id=269\" \/>\n<meta property=\"og:locale\" content=\"pl_PL\" \/>\n<meta property=\"og:type\" content=\"article\" \/>\n<meta property=\"og:title\" content=\"FIRMA - Pomorskie Centrum Przetwarzania Danych\" \/>\n<meta property=\"og:description\" content=\"Kierowanie Pomorskim Centrum Przetwarzania Danych Sp. z o.o zosta\u0142o powierzone specjalistom, kt\u00f3rzy posiadaj\u0105 d\u0142ugoletnie do\u015bwiadczenie w zakresie projektowania, eksploatacji oraz zarz\u0105dzania obiektami klasy Data Center. Dane rejestrowe: S\u0105d Rejonowy Gda\u0144sk-P\u00f3\u0142noc w Gda\u0144sku, VII Wydzia\u0142 Gospodarczy Krajowego Rejestru S\u0105dowego KRS: 365691 NIP: 584-270-46-26 REGON: 221098887 Kapita\u0142 Zak\u0142adowy 50 000,00PLN\" \/>\n<meta property=\"og:url\" content=\"https:\/\/pcpd.pl\/?page_id=269\" \/>\n<meta property=\"og:site_name\" content=\"Pomorskie Centrum Przetwarzania Danych\" \/>\n<meta property=\"article:modified_time\" content=\"2024-10-23T15:52:40+00:00\" \/>\n<meta name=\"twitter:card\" content=\"summary_large_image\" \/>\n<meta name=\"twitter:label1\" content=\"Szacowany czas czytania\" \/>\n\t<meta name=\"twitter:data1\" content=\"1 minuta\" \/>\n<script type=\"application\/ld+json\" class=\"yoast-schema-graph\">{\"@context\":\"https:\\\/\\\/schema.org\",\"@graph\":[{\"@type\":\"WebPage\",\"@id\":\"https:\\\/\\\/pcpd.pl\\\/?page_id=269\",\"url\":\"https:\\\/\\\/pcpd.pl\\\/?page_id=269\",\"name\":\"FIRMA - Pomorskie Centrum Przetwarzania Danych\",\"isPartOf\":{\"@id\":\"https:\\\/\\\/pcpd.pl\\\/#website\"},\"primaryImageOfPage\":{\"@id\":\"https:\\\/\\\/pcpd.pl\\\/?page_id=269#primaryimage\"},\"image\":{\"@id\":\"https:\\\/\\\/pcpd.pl\\\/?page_id=269#primaryimage\"},\"thumbnailUrl\":\"http:\\\/\\\/pcpd.pl\\\/wp-content\\\/uploads\\\/2017\\\/06\\\/pcpd-logo.jpg\",\"datePublished\":\"2012-01-11T10:53:58+00:00\",\"dateModified\":\"2024-10-23T15:52:40+00:00\",\"breadcrumb\":{\"@id\":\"https:\\\/\\\/pcpd.pl\\\/?page_id=269#breadcrumb\"},\"inLanguage\":\"pl-PL\",\"potentialAction\":[{\"@type\":\"ReadAction\",\"target\":[\"https:\\\/\\\/pcpd.pl\\\/?page_id=269\"]}]},{\"@type\":\"ImageObject\",\"inLanguage\":\"pl-PL\",\"@id\":\"https:\\\/\\\/pcpd.pl\\\/?page_id=269#primaryimage\",\"url\":\"\",\"contentUrl\":\"\"},{\"@type\":\"BreadcrumbList\",\"@id\":\"https:\\\/\\\/pcpd.pl\\\/?page_id=269#breadcrumb\",\"itemListElement\":[{\"@type\":\"ListItem\",\"position\":1,\"name\":\"Strona g\u0142\u00f3wna\",\"item\":\"https:\\\/\\\/pcpd.pl\\\/\"},{\"@type\":\"ListItem\",\"position\":2,\"name\":\"FIRMA\"}]},{\"@type\":\"WebSite\",\"@id\":\"https:\\\/\\\/pcpd.pl\\\/#website\",\"url\":\"https:\\\/\\\/pcpd.pl\\\/\",\"name\":\"Pomorskie Centrum Przetwarzania Danych\",\"description\":\"Pomorskie Centrum Przetwarzania Danych\",\"potentialAction\":[{\"@type\":\"SearchAction\",\"target\":{\"@type\":\"EntryPoint\",\"urlTemplate\":\"https:\\\/\\\/pcpd.pl\\\/?s={search_term_string}\"},\"query-input\":{\"@type\":\"PropertyValueSpecification\",\"valueRequired\":true,\"valueName\":\"search_term_string\"}}],\"inLanguage\":\"pl-PL\"}]}<\/script>\n<!-- \/ Yoast SEO plugin. -->","yoast_head_json":{"title":"FIRMA - Pomorskie Centrum Przetwarzania Danych","robots":{"index":"index","follow":"follow","max-snippet":"max-snippet:-1","max-image-preview":"max-image-preview:large","max-video-preview":"max-video-preview:-1"},"canonical":"https:\/\/pcpd.pl\/?page_id=269","og_locale":"pl_PL","og_type":"article","og_title":"FIRMA - Pomorskie Centrum Przetwarzania Danych","og_description":"Kierowanie Pomorskim Centrum Przetwarzania Danych Sp. z o.o zosta\u0142o powierzone specjalistom, kt\u00f3rzy posiadaj\u0105 d\u0142ugoletnie do\u015bwiadczenie w zakresie projektowania, eksploatacji oraz zarz\u0105dzania obiektami klasy Data Center. Dane rejestrowe: S\u0105d Rejonowy Gda\u0144sk-P\u00f3\u0142noc w Gda\u0144sku, VII Wydzia\u0142 Gospodarczy Krajowego Rejestru S\u0105dowego KRS: 365691 NIP: 584-270-46-26 REGON: 221098887 Kapita\u0142 Zak\u0142adowy 50 000,00PLN","og_url":"https:\/\/pcpd.pl\/?page_id=269","og_site_name":"Pomorskie Centrum Przetwarzania Danych","article_modified_time":"2024-10-23T15:52:40+00:00","twitter_card":"summary_large_image","twitter_misc":{"Szacowany czas czytania":"1 minuta"},"schema":{"@context":"https:\/\/schema.org","@graph":[{"@type":"WebPage","@id":"https:\/\/pcpd.pl\/?page_id=269","url":"https:\/\/pcpd.pl\/?page_id=269","name":"FIRMA - Pomorskie Centrum Przetwarzania Danych","isPartOf":{"@id":"https:\/\/pcpd.pl\/#website"},"primaryImageOfPage":{"@id":"https:\/\/pcpd.pl\/?page_id=269#primaryimage"},"image":{"@id":"https:\/\/pcpd.pl\/?page_id=269#primaryimage"},"thumbnailUrl":"http:\/\/pcpd.pl\/wp-content\/uploads\/2017\/06\/pcpd-logo.jpg","datePublished":"2012-01-11T10:53:58+00:00","dateModified":"2024-10-23T15:52:40+00:00","breadcrumb":{"@id":"https:\/\/pcpd.pl\/?page_id=269#breadcrumb"},"inLanguage":"pl-PL","potentialAction":[{"@type":"ReadAction","target":["https:\/\/pcpd.pl\/?page_id=269"]}]},{"@type":"ImageObject","inLanguage":"pl-PL","@id":"https:\/\/pcpd.pl\/?page_id=269#primaryimage","url":"","contentUrl":""},{"@type":"BreadcrumbList","@id":"https:\/\/pcpd.pl\/?page_id=269#breadcrumb","itemListElement":[{"@type":"ListItem","position":1,"name":"Strona g\u0142\u00f3wna","item":"https:\/\/pcpd.pl\/"},{"@type":"ListItem","position":2,"name":"FIRMA"}]},{"@type":"WebSite","@id":"https:\/\/pcpd.pl\/#website","url":"https:\/\/pcpd.pl\/","name":"Pomorskie Centrum Przetwarzania Danych","description":"Pomorskie Centrum Przetwarzania Danych","potentialAction":[{"@type":"SearchAction","target":{"@type":"EntryPoint","urlTemplate":"https:\/\/pcpd.pl\/?s={search_term_string}"},"query-input":{"@type":"PropertyValueSpecification","valueRequired":true,"valueName":"search_term_string"}}],"inLanguage":"pl-PL"}]}},"_links":{"self":[{"href":"https:\/\/pcpd.pl\/index.php?rest_route=\/wp\/v2\/pages\/269","targetHints":{"allow":["GET"]}}],"collection":[{"href":"https:\/\/pcpd.pl\/index.php?rest_route=\/wp\/v2\/pages"}],"about":[{"href":"https:\/\/pcpd.pl\/index.php?rest_route=\/wp\/v2\/types\/page"}],"author":[{"embeddable":true,"href":"https:\/\/pcpd.pl\/index.php?rest_route=\/wp\/v2\/users\/1"}],"replies":[{"embeddable":true,"href":"https:\/\/pcpd.pl\/index.php?rest_route=%2Fwp%2Fv2%2Fcomments&post=269"}],"version-history":[{"count":215,"href":"https:\/\/pcpd.pl\/index.php?rest_route=\/wp\/v2\/pages\/269\/revisions"}],"predecessor-version":[{"id":3796,"href":"https:\/\/pcpd.pl\/index.php?rest_route=\/wp\/v2\/pages\/269\/revisions\/3796"}],"wp:attachment":[{"href":"https:\/\/pcpd.pl\/index.php?rest_route=%2Fwp%2Fv2%2Fmedia&parent=269"}],"curies":[{"name":"wp","href":"https:\/\/api.w.org\/{rel}","templated":true}]}}