






{"id":2575,"date":"2015-12-22T13:58:40","date_gmt":"2015-12-22T12:58:40","guid":{"rendered":"http:\/\/pcpd.pl\/?page_id=2575"},"modified":"2023-10-20T14:28:04","modified_gmt":"2023-10-20T12:28:04","slug":"promocje-2","status":"publish","type":"page","link":"https:\/\/pcpd.pl\/?page_id=2575","title":{"rendered":"PROMOCJE"},"content":{"rendered":"<table width=\"100%\">\n<thead>\n<tr>\n<td colspan=\"4\" rowspan=\"1\">\n<p style=\"text-align: center; font-size: 30px; line-height: 1.5;\"><strong>Oferta kolokacji<\/strong><\/p>\n<\/td>\n<\/tr>\n<\/thead>\n<tbody>\n<tr>\n<td colspan=\"2\" rowspan=\"1\">\n<p style=\"text-align: center; font-size: 20px;\"><strong>Pakiet kolokacyjny urz\u0105dzenia 1U<\/strong><\/p>\n<\/td>\n<td colspan=\"2\" rowspan=\"1\">\n<p style=\"text-align: center; font-size: 20px;\"><strong>Pakiet kolokacyjny urz\u0105dzenia 2U<\/strong><\/p>\n<\/td>\n<\/tr>\n<tr>\n<td style=\"text-align: center;\" nowrap=\"nowrap\"><strong><span style=\"color: #575757;\">Switch \/ router<\/span><\/strong>\u00a0(zasilacz do 100W)<\/td>\n<td style=\"text-align: center;\" nowrap=\"nowrap\">\n<p style=\"text-align: center; color: #222222; white-space: nowrap; font-size: medium;\"><b>\u00a0 \u00a0197<\/b> z\u0142 \/ m-c<\/p>\n<\/td>\n<td style=\"text-align: center;\" nowrap=\"nowrap\"><strong><span style=\"color: #575757;\">Switch \/ router<\/span><\/strong>\u00a0(zasilacz do 100W)<\/td>\n<td style=\"text-align: center;\" nowrap=\"nowrap\">\n<p style=\"text-align: center; color: #222222; white-space: nowrap; font-size: medium;\"><b>\u00a0 \u00a0312 <\/b>z\u0142 \/ m-c<\/p>\n<\/td>\n<\/tr>\n<tr>\n<td style=\"text-align: center;\" nowrap=\"nowrap\"><strong><span style=\"color: #575757;\">S<\/span><\/strong> (zasilacz do 500W)<\/td>\n<td style=\"text-align: center;\" nowrap=\"nowrap\">\n<p style=\"text-align: center; color: #222222; white-space: nowrap; font-size: medium;\"><b>\u00a0 \u00a0596<\/b> z\u0142 \/ m-c<\/p>\n<\/td>\n<td style=\"text-align: center;\" nowrap=\"nowrap\"><strong><span style=\"color: #575757;\">S<\/span><\/strong> (zasilacz do 500W)<\/td>\n<td style=\"text-align: center;\" nowrap=\"nowrap\">\n<p style=\"text-align: center; color: #222222; white-space: nowrap; font-size: medium;\"><b>\u00a0 \u00a0681 <\/b>z\u0142 \/ m-c<\/p>\n<\/td>\n<\/tr>\n<tr>\n<td style=\"text-align: center;\" nowrap=\"nowrap\"><strong><span style=\"color: #575757;\">M<\/span><\/strong> (zasilacz do 800W)<\/td>\n<td style=\"text-align: center;\" nowrap=\"nowrap\">\n<p style=\"text-align: center; color: #222222; white-space: nowrap; font-size: medium;\"><b>\u00a0 \u00a0872 <\/b>z\u0142 \/ m-c<\/p>\n<\/td>\n<td style=\"text-align: center;\" nowrap=\"nowrap\"><strong><span style=\"color: #575757;\">M<\/span><\/strong> (zasilacz do 800W)<\/td>\n<td style=\"text-align: center;\" nowrap=\"nowrap\">\n<p style=\"text-align: center; color: #222222; white-space: nowrap; font-size: medium;\"><b>\u00a0 \u00a0957 <\/b>z\u0142 \/ m-c<\/p>\n<\/td>\n<\/tr>\n<tr>\n<td style=\"text-align: center;\" nowrap=\"nowrap\"><strong><span style=\"color: #575757;\">L<\/span><\/strong> (zasilacz do 1000W)<\/td>\n<td style=\"text-align: center;\" nowrap=\"nowrap\">\n<p style=\"text-align: center; color: #222222; white-space: nowrap; font-size: medium;\"><b>\u00a0 \u00a01056 <\/b>z\u0142 \/ m-c<\/p>\n<\/td>\n<td style=\"text-align: center;\" nowrap=\"nowrap\"><strong><span style=\"color: #575757;\">L<\/span><\/strong> (zasilacz do 1000W)<\/td>\n<td style=\"text-align: center;\" nowrap=\"nowrap\">\n<p style=\"text-align: center; color: #222222; white-space: nowrap; font-size: medium;\"><b>\u00a0 \u00a01141<\/b> z\u0142 \/ m-c<\/p>\n<\/td>\n<\/tr>\n<tr>\n<td colspan=\"4\" rowspan=\"1\">\n<p style=\"text-align: center; font-size: 20px;\"><strong>Dzier\u017cawa szafy RACK\u00a0 \u00a0600 \/ 1200 mm<\/strong><\/p>\n<\/td>\n<\/tr>\n<tr>\n<td colspan=\"2\" rowspan=\"1\">\n<p style=\"text-align: center; font-size: 20px;\"><strong>Rozmiar<\/strong><\/p>\n<\/td>\n<td style=\"text-align: center; font-size: 20px;\" colspan=\"2\" rowspan=\"1\"><strong>Cena<\/strong><\/td>\n<\/tr>\n<tr>\n<td colspan=\"2\" rowspan=\"1\">\n<p style=\"text-align: center;\"><span style=\"color: #575757; font-size: medium;\">Szafa RACK <strong>21 U<\/strong><\/span><\/p>\n<\/td>\n<td colspan=\"2\" rowspan=\"1\">\n<p style=\"text-align: center; color: #222222; white-space: nowrap; font-size: large;\"><s style=\"text-align: center; color: #999999;\"><b>1029 z\u0142<\/b><\/s><span style=\"color: #ff0000;\"><b> 850<\/b> z\u0142 \/ m-c<\/span><\/p>\n<\/td>\n<\/tr>\n<tr>\n<td style=\"text-align: center;\" colspan=\"2\" rowspan=\"1\">\n<p style=\"text-align: center; font-size: medium;\"><span style=\"color: #575757;\">Szafa RACK<\/span><strong><span style=\"color: #575757;\"> 42 U<\/span><\/strong><\/p>\n<\/td>\n<td colspan=\"2\" rowspan=\"1\">\n<p style=\"text-align: center; color: #222222; white-space: nowrap; font-size: large;\"><s style=\"text-align: center; color: #999999;\"><b>2063 z\u0142<\/b><\/s><b> 1699 <\/b>z\u0142 \/ m-c<\/p>\n<\/td>\n<\/tr>\n<\/tbody>\n<\/table>\n<p><span style=\"color: #999999;\">Oferta promocyjna skierowana jest do nowych oraz do obecnych klient\u00f3w. Podane ceny s\u0105 cenami netto. Do ka\u017cdej nale\u017cy doliczy\u0107 podatek VAT w wysoko\u015bci 23%. W cenie wsp\u00f3\u0142dzielone jest symetryczne \u0142\u0105cze internetowe o pr\u0119dko\u015bci do 100 Mbps, limit transferu danych do 20 TB.<\/span><\/p>\n","protected":false},"excerpt":{"rendered":"<p>Oferta kolokacji Pakiet kolokacyjny urz\u0105dzenia 1U Pakiet kolokacyjny urz\u0105dzenia 2U Switch \/ router\u00a0(zasilacz do 100W) \u00a0 \u00a0197 z\u0142 \/ m-c Switch \/ router\u00a0(zasilacz do 100W) \u00a0 \u00a0312 z\u0142 \/ m-c S (zasilacz do 500W) \u00a0 \u00a0596 z\u0142 \/ m-c S (zasilacz do 500W) \u00a0 \u00a0681 z\u0142 \/ m-c M (zasilacz do 800W) \u00a0 \u00a0872 z\u0142&#8230;<\/p>\n","protected":false},"author":1,"featured_media":0,"parent":0,"menu_order":0,"comment_status":"closed","ping_status":"closed","template":"Template-Full-Width.php","meta":{"footnotes":""},"class_list":["post-2575","page","type-page","status-publish","hentry"],"yoast_head":"<!-- This site is optimized with the Yoast SEO plugin v27.5 - https:\/\/yoast.com\/product\/yoast-seo-wordpress\/ -->\n<title>PROMOCJE - Pomorskie Centrum Przetwarzania Danych<\/title>\n<meta name=\"robots\" content=\"index, follow, max-snippet:-1, max-image-preview:large, max-video-preview:-1\" \/>\n<link rel=\"canonical\" href=\"https:\/\/pcpd.pl\/?page_id=2575\" \/>\n<meta property=\"og:locale\" content=\"pl_PL\" \/>\n<meta property=\"og:type\" content=\"article\" \/>\n<meta property=\"og:title\" content=\"PROMOCJE - Pomorskie Centrum Przetwarzania Danych\" \/>\n<meta property=\"og:description\" content=\"Oferta kolokacji Pakiet kolokacyjny urz\u0105dzenia 1U Pakiet kolokacyjny urz\u0105dzenia 2U Switch \/ router\u00a0(zasilacz do 100W) \u00a0 \u00a0197 z\u0142 \/ m-c Switch \/ router\u00a0(zasilacz do 100W) \u00a0 \u00a0312 z\u0142 \/ m-c S (zasilacz do 500W) \u00a0 \u00a0596 z\u0142 \/ m-c S (zasilacz do 500W) \u00a0 \u00a0681 z\u0142 \/ m-c M (zasilacz do 800W) \u00a0 \u00a0872 z\u0142...\" \/>\n<meta property=\"og:url\" content=\"https:\/\/pcpd.pl\/?page_id=2575\" \/>\n<meta property=\"og:site_name\" content=\"Pomorskie Centrum Przetwarzania Danych\" \/>\n<meta property=\"article:modified_time\" content=\"2023-10-20T12:28:04+00:00\" \/>\n<meta name=\"twitter:card\" content=\"summary_large_image\" \/>\n<meta name=\"twitter:label1\" content=\"Szacowany czas czytania\" \/>\n\t<meta name=\"twitter:data1\" content=\"1 minuta\" \/>\n<script type=\"application\/ld+json\" class=\"yoast-schema-graph\">{\"@context\":\"https:\\\/\\\/schema.org\",\"@graph\":[{\"@type\":\"WebPage\",\"@id\":\"https:\\\/\\\/pcpd.pl\\\/?page_id=2575\",\"url\":\"https:\\\/\\\/pcpd.pl\\\/?page_id=2575\",\"name\":\"PROMOCJE - Pomorskie Centrum Przetwarzania Danych\",\"isPartOf\":{\"@id\":\"https:\\\/\\\/pcpd.pl\\\/#website\"},\"datePublished\":\"2015-12-22T12:58:40+00:00\",\"dateModified\":\"2023-10-20T12:28:04+00:00\",\"breadcrumb\":{\"@id\":\"https:\\\/\\\/pcpd.pl\\\/?page_id=2575#breadcrumb\"},\"inLanguage\":\"pl-PL\",\"potentialAction\":[{\"@type\":\"ReadAction\",\"target\":[\"https:\\\/\\\/pcpd.pl\\\/?page_id=2575\"]}]},{\"@type\":\"BreadcrumbList\",\"@id\":\"https:\\\/\\\/pcpd.pl\\\/?page_id=2575#breadcrumb\",\"itemListElement\":[{\"@type\":\"ListItem\",\"position\":1,\"name\":\"Strona g\u0142\u00f3wna\",\"item\":\"https:\\\/\\\/pcpd.pl\\\/\"},{\"@type\":\"ListItem\",\"position\":2,\"name\":\"PROMOCJE\"}]},{\"@type\":\"WebSite\",\"@id\":\"https:\\\/\\\/pcpd.pl\\\/#website\",\"url\":\"https:\\\/\\\/pcpd.pl\\\/\",\"name\":\"Pomorskie Centrum Przetwarzania Danych\",\"description\":\"Pomorskie Centrum Przetwarzania Danych\",\"potentialAction\":[{\"@type\":\"SearchAction\",\"target\":{\"@type\":\"EntryPoint\",\"urlTemplate\":\"https:\\\/\\\/pcpd.pl\\\/?s={search_term_string}\"},\"query-input\":{\"@type\":\"PropertyValueSpecification\",\"valueRequired\":true,\"valueName\":\"search_term_string\"}}],\"inLanguage\":\"pl-PL\"}]}<\/script>\n<!-- \/ Yoast SEO plugin. -->","yoast_head_json":{"title":"PROMOCJE - Pomorskie Centrum Przetwarzania Danych","robots":{"index":"index","follow":"follow","max-snippet":"max-snippet:-1","max-image-preview":"max-image-preview:large","max-video-preview":"max-video-preview:-1"},"canonical":"https:\/\/pcpd.pl\/?page_id=2575","og_locale":"pl_PL","og_type":"article","og_title":"PROMOCJE - Pomorskie Centrum Przetwarzania Danych","og_description":"Oferta kolokacji Pakiet kolokacyjny urz\u0105dzenia 1U Pakiet kolokacyjny urz\u0105dzenia 2U Switch \/ router\u00a0(zasilacz do 100W) \u00a0 \u00a0197 z\u0142 \/ m-c Switch \/ router\u00a0(zasilacz do 100W) \u00a0 \u00a0312 z\u0142 \/ m-c S (zasilacz do 500W) \u00a0 \u00a0596 z\u0142 \/ m-c S (zasilacz do 500W) \u00a0 \u00a0681 z\u0142 \/ m-c M (zasilacz do 800W) \u00a0 \u00a0872 z\u0142...","og_url":"https:\/\/pcpd.pl\/?page_id=2575","og_site_name":"Pomorskie Centrum Przetwarzania Danych","article_modified_time":"2023-10-20T12:28:04+00:00","twitter_card":"summary_large_image","twitter_misc":{"Szacowany czas czytania":"1 minuta"},"schema":{"@context":"https:\/\/schema.org","@graph":[{"@type":"WebPage","@id":"https:\/\/pcpd.pl\/?page_id=2575","url":"https:\/\/pcpd.pl\/?page_id=2575","name":"PROMOCJE - Pomorskie Centrum Przetwarzania Danych","isPartOf":{"@id":"https:\/\/pcpd.pl\/#website"},"datePublished":"2015-12-22T12:58:40+00:00","dateModified":"2023-10-20T12:28:04+00:00","breadcrumb":{"@id":"https:\/\/pcpd.pl\/?page_id=2575#breadcrumb"},"inLanguage":"pl-PL","potentialAction":[{"@type":"ReadAction","target":["https:\/\/pcpd.pl\/?page_id=2575"]}]},{"@type":"BreadcrumbList","@id":"https:\/\/pcpd.pl\/?page_id=2575#breadcrumb","itemListElement":[{"@type":"ListItem","position":1,"name":"Strona g\u0142\u00f3wna","item":"https:\/\/pcpd.pl\/"},{"@type":"ListItem","position":2,"name":"PROMOCJE"}]},{"@type":"WebSite","@id":"https:\/\/pcpd.pl\/#website","url":"https:\/\/pcpd.pl\/","name":"Pomorskie Centrum Przetwarzania Danych","description":"Pomorskie Centrum Przetwarzania Danych","potentialAction":[{"@type":"SearchAction","target":{"@type":"EntryPoint","urlTemplate":"https:\/\/pcpd.pl\/?s={search_term_string}"},"query-input":{"@type":"PropertyValueSpecification","valueRequired":true,"valueName":"search_term_string"}}],"inLanguage":"pl-PL"}]}},"_links":{"self":[{"href":"https:\/\/pcpd.pl\/index.php?rest_route=\/wp\/v2\/pages\/2575","targetHints":{"allow":["GET"]}}],"collection":[{"href":"https:\/\/pcpd.pl\/index.php?rest_route=\/wp\/v2\/pages"}],"about":[{"href":"https:\/\/pcpd.pl\/index.php?rest_route=\/wp\/v2\/types\/page"}],"author":[{"embeddable":true,"href":"https:\/\/pcpd.pl\/index.php?rest_route=\/wp\/v2\/users\/1"}],"replies":[{"embeddable":true,"href":"https:\/\/pcpd.pl\/index.php?rest_route=%2Fwp%2Fv2%2Fcomments&post=2575"}],"version-history":[{"count":147,"href":"https:\/\/pcpd.pl\/index.php?rest_route=\/wp\/v2\/pages\/2575\/revisions"}],"predecessor-version":[{"id":3753,"href":"https:\/\/pcpd.pl\/index.php?rest_route=\/wp\/v2\/pages\/2575\/revisions\/3753"}],"wp:attachment":[{"href":"https:\/\/pcpd.pl\/index.php?rest_route=%2Fwp%2Fv2%2Fmedia&parent=2575"}],"curies":[{"name":"wp","href":"https:\/\/api.w.org\/{rel}","templated":true}]}}