






{"id":2501,"date":"2014-03-12T14:49:01","date_gmt":"2014-03-12T13:49:01","guid":{"rendered":"http:\/\/pcpd.pl\/?page_id=2501"},"modified":"2017-06-05T13:52:14","modified_gmt":"2017-06-05T11:52:14","slug":"projekt-accus","status":"publish","type":"page","link":"https:\/\/pcpd.pl\/?page_id=2501","title":{"rendered":"Projekt ACCUS"},"content":{"rendered":"<div id=\"navigator\"><\/div>\n<h1>Projekty dofinansowane<\/h1>\n<h2>Projekt ACCUS<\/h2>\n<div>\n<p align=\"justify\">Od 1.06.2013 PCPD jako cz\u0142onek mi\u0119dzynarodowego\u00a0 konsorcjum bierze udzia\u0142 w projekcie ACCUS w ramach europejskiej inicjatywy JTI ARTEMIS. Projekt ACCUS (ang. Adaptive Cooperative Control of Urban Subsystems) dotyczy efektywnego tworzenia system\u00f3w z\u0142o\u017conych z podsystem\u00f3w (SoS &#8211; ang. Systems of Systems) zawieraj\u0105cych mo\u017cliwo\u015bci zarz\u0105dzania i optymalizacji w czasie rzeczywistym poprzez sprz\u0119\u017cenie i integracj\u0119 podsystem\u00f3w miejskich.<\/p>\n<\/div>\n<div>\n<p align=\"justify\">Celem projektu jest zapewnienie bardziej elastycznego, efektywnego, bezpiecznego i silnego oddzia\u0142ywania na podsystemy (m.in. systemy wbudowane) istniej\u0105ce w obszarach zurbanizowanych, kt\u00f3re zazwyczaj ewoluuj\u0105 niezale\u017cnie posiadaj\u0105c w\u0142asne zasady funkcjonowania i zarz\u0105dzania. Mechanizmy koordynacji ACCUS pozwol\u0105 na globalne przetwarzanie pozyskanych danych i wytwarzanie zasad pracy system\u00f3w dopasowanych do zasad i polityki administracji publicznej.System ACCUS zwi\u0105zany b\u0119dzie z trzema g\u0142\u00f3wnymi innowacjami:<\/p>\n<\/div>\n<div>\n<ul>\n<li>dostarczeniem platformy integracji i zarz\u0105dzania podsystemami miejskimi w celu tworzenia aplikacji wsp\u00f3\u0142dzia\u0142aj\u0105cych z wieloma podsystemami<\/li>\n<li>dostarczeniem architektury typu SoS pozwalaj\u0105cej na adaptacyjne i kooperacyjne zarz\u0105dzanie podsystemami miejskimi wraz z algorytmami pozwalaj\u0105cymi na optymalizacj\u0119 ich wsp\u00f3\u0142dzia\u0142ania<\/li>\n<li>dostarczeniem og\u00f3lnych metodologii i narz\u0119dzi pozwalaj\u0105cych na tworzenie aplikacji dla podsystem\u00f3w miejskich wsp\u00f3\u0142dzia\u0142aj\u0105cych w czasie rzeczywistym w ACCUS SoS<\/li>\n<\/ul>\n<p align=\"justify\">W ramach projektu przeanalizowany zostanie zestaw scenariuszy praktycznego wykorzystania ACCUS SoS w celu przebadania niezb\u0119dnych wymaga\u0144 i architektury odniesienia pozwalaj\u0105cej na integracj\u0119 podsystem\u00f3w miejskich bazuj\u0105c na opisie semantycznym. ACCUS SoS b\u0119dzie wspiera\u0142 p\u0119tle sprz\u0119\u017cenia zwrotnego pomi\u0119dzy podsystemami i aplikacjami, a proces tworzenia i integracji wsparty zostanie przez narz\u0119dzia wytworzone w ramach projektu. Wytworzone efekty projektu (m.in. opracowanie metody i narz\u0119dzia) zostan\u0105 zademonstrowane i zweryfikowane w ramach pilota\u017cowego wdro\u017cenia systemu w obszarze metropolitalnym (Gda\u0144sk\/Tr\u00f3jmiasto\/Pomorze). Pilota\u017c w Polsce b\u0119dzie jedynym tego rodzaju wdro\u017ceniem inteligentnego systemu ACCUS w Europie.<\/p>\n<p align=\"justify\">W wyniku realizacji projektu powstanie kompletna metodologia i narz\u0119dzia pozwalaj\u0105ce na tworzenie systemu podsystem\u00f3w (SoS) zawieraj\u0105cego mo\u017cliwo\u015bci zarz\u0105dzania i optymalizacji w czasie rzeczywistym poprzez sprz\u0119\u017cenie i integracj\u0119 podsystem\u00f3w obszar\u00f3w zurbanizowanych. Powsta\u0142a metodologia i narz\u0119dzia obejmowa\u0107 b\u0119d\u0105 ca\u0142y cykl \u017cycia systemu, jego aplikacji i podsystem\u00f3w poczynaj\u0105c od projektu i wdro\u017cenia systemu, a ko\u0144cz\u0105c na jego dzia\u0142aniu utrzymaniu i wprowadzaniu modyfikacji, m.in.: referencyjna architektura SoS, oprogramowanie sytemu, warstwa integracji (ang. middleware), standardowe us\u0142ugi ACCUS, gotowe podsystemy ACCUS, interfejsy dla istniej\u0105cych podsystem\u00f3w, narz\u0119dzia do ekstrakcji informacji (\u015bwiadomo\u015b\u0107 sytuacyjna) i zarz\u0105dzania, \u015brodowisko projektowe do tworzenia aplikacji bazuj\u0105ce na modelach (wraz z generatorami kodu program\u00f3w), narz\u0119dzia do walidacji procesu rozwoju aplikacji, narz\u0119dzia monitorowania i wizualizacji do \u015bledzenia funkcjonowania dzia\u0142a\u0144 na poziomie systemu.<\/p>\n<p><strong>Warto\u015b\u0107 projektu: 12 796 738,20 EUR<br \/>\nWarto\u015b\u0107 dofinansowania: 6 701 153,47 EUR<\/strong><\/p>\n<p>Projekt w cz\u0119\u015bci realizowanej przez polskich konsorcjant\u00f3w dofinansowany jest przez JU ARTEMIS oraz Narodowe Centrum Bada\u0144 i Rozwoju NCBIR.<\/p>\n<p>&nbsp;<\/p>\n<h4>ARTEMIS:<\/h4>\n<hr \/>\n<p align=\"justify\"><em>ARTEMIS jest europejsk\u0105 inicjatyw\u0105 (JTI) w ramach 7 PR, utworzon\u0105 na podstawie Rozporz\u0105dzenia Rady (WE) Nr 74\/2008 z dnia 20 grudnia 2007 r. w sprawie ustanowienia wsp\u00f3lnego przedsi\u0119wzi\u0119cia ARTEMIS w celu realizacji wsp\u00f3lnej inicjatywy technologicznej w zakresie system\u00f3w wbudowanych\u00a0 (Embedded Computing Systems Initiative). Celem JTI ARTEMIS, budowanej na bazie Strategicznego Planu Bada\u0144 rozwijanego przez Europejsk\u0105 Platform\u0119 Technologiczn\u0105, jest pomoc Europie we wzmocnieniu i skonsolidowaniu europejskiego prymatu w rozwoju technologii zwi\u0105zanych z komputerowymi systemami wbudowanymi. Drugim wa\u017cnym celem jest pomoc Europejskiemu przemys\u0142owi w konsolidacji i wzmocnieniu jego \u015bwiatowego przyw\u00f3dztwa w obszarze technologii wbudowanych system\u00f3w komputerowych. JTI ARTEMIS postawi\u0142 sobie za zadanie zdefiniowanie i wdro\u017cenie Agendy Badawczej dla Wbudowanych System\u00f3w Komputerowych. W inicjatywie bierze udzia\u0142 oko\u0142o 200 podmiot\u00f3w z ponad 20 kraj\u00f3w UE (Austria, Belgia, Niemcy, Dania, Estonia, Finlandia, Francja, Grecja, W\u0119gry, Irlandia, W\u0142ochy, Holandia, Portugalia, Rumunia, S\u0142owenia, Hiszpania, Szwecja, Wielka Brytania, \u0141otwa, Czechy, Norwegia, Cypr) oraz Australii, Norwegii, Szwajcarii i Izraela. W celu wdro\u017cenia JTI w \u017cycie, w lutym 2008 roku za\u0142o\u017cono Wsp\u00f3lne Przedsi\u0119wzi\u0119cie ARTEMIS (Joint Undertaking). Uzasadnieniem dla jego utworzenia by\u0142o prze\u015bwiadczenie, i\u017c rozw\u00f3j technologii komputerowych nara\u017cony jest na wiele zagro\u017ce\u0144 wynikaj\u0105cych z proces\u00f3w globalizacyjnych a tak\u017ce rozproszonej i pog\u0142\u0119biaj\u0105cej si\u0119 rywalizacji rynkowej. Inicjatywa bierze pod uwag\u0119 strategiczne znaczenie wbudowanych system\u00f3w komputerowych dla gospodarki europejskiej.<\/em><em>Wsp\u00f3lne Przedsi\u0119wzi\u0119cie (Joint Undertaking) jest publiczno-prywatnym partnerstwem zawartym pomi\u0119dzy:<\/em><\/p>\n<p>&nbsp;<\/p>\n<ul>\n<li><em>Komisj\u0105 Europejsk\u0105<\/em><\/li>\n<li><em>Pa\u0144stwami Cz\u0142onkowskimi<\/em><\/li>\n<li><em>Stowarzyszeniem Przemys\u0142owym ARTEMISIA dzia\u0142aj\u0105cym na zasadzie non-profit<\/em><\/li>\n<\/ul>\n<p align=\"justify\"><em>Wsp\u00f3lne Przedsi\u0119wzi\u0119cie ARTEMIS zarz\u0105dza i koordynuje dzia\u0142ania badawcze poprzez otwarte konkursy na projekty w ramach 10-letniego, wartego 2,5 mld \u20ac programu bada\u0144 z zakresu wbudowanych system\u00f3w komputerowych. Program ten jest otwarty dla organizacji z pa\u0144stw cz\u0142onkowskich oraz stowarzyszonych z UE. Wybrane projekty s\u0105 wsp\u00f3\u0142finansowane przez Wsp\u00f3lne Przedsi\u0119wzi\u0119cie oraz kraje cz\u0142onkowskie, kt\u00f3re przy\u0142\u0105czy\u0142y si\u0119 do JTI ARTEMIS. Siedziba JU ARTEMIS mie\u015bci si\u0119 w Brukseli.<\/em><\/p>\n<p><em><br \/>\n<\/em><\/p>\n<h4>NCBIR<\/h4>\n<hr \/>\n<div><em><\/p>\n<p align=\"justify\">Narodowe Centrum Bada\u0144 i Rozwoju jest agencj\u0105 wykonawcz\u0105 Ministra Nauki i Szkolnictwa Wy\u017cszego. Powo\u0142ane zosta\u0142o latem 2007 roku jako jednostka realizuj\u0105ca zadania z zakresu polityki naukowej, naukowo-technicznej i innowacyjnej pa\u0144stwa. Obecnie NCBIR dzia\u0142a na podstawie ustawy z dnia 30 kwietnia 2010 roku o Narodowym Centrum Bada\u0144 i Rozwoju (Dz. U. 2010, Nr 96 poz. 616). Wprowadzona jesieni\u0105 2010 roku reforma nauki pozwoli\u0142a Centrum na wi\u0119ksz\u0105 swobod\u0119 w dysponowaniu \u015brodkami finansowymi, w ramach strategicznego programu bada\u0144. Dodatkowo 1 wrze\u015bnia 2011 roku NCBR poszerzy\u0142o zakres swojej dzia\u0142alno\u015bci o nowe inicjatywy i mo\u017cliwo\u015bci. Przejmuj\u0105c od Ministerstwa Nauki i Szkolnictwa Wy\u017cszego funkcj\u0119 Instytucji Po\u015brednicz\u0105cej w trzech programach operacyjnych: Kapita\u0142 Ludzki, Innowacyjna Gospodarka oraz Infrastruktura i \u015arodowisko, sta\u0142o si\u0119 jednym z najwi\u0119kszych centr\u00f3w innowacyjno\u015bci w Polsce. Dzia\u0142alno\u015b\u0107 Centrum finansowana jest ze \u015brodk\u00f3w skarbu pa\u0144stwa oraz funduszy Unii Europejskiej.<\/p>\n<p><\/em><\/div>\n<div><em><br \/>\n<\/em><\/div>\n<\/div>\n","protected":false},"excerpt":{"rendered":"<p>Projekty dofinansowane Projekt ACCUS Od 1.06.2013 PCPD jako cz\u0142onek mi\u0119dzynarodowego\u00a0 konsorcjum bierze udzia\u0142 w projekcie ACCUS w ramach europejskiej inicjatywy JTI ARTEMIS. Projekt ACCUS (ang. Adaptive Cooperative Control of Urban Subsystems) dotyczy efektywnego tworzenia system\u00f3w z\u0142o\u017conych z podsystem\u00f3w (SoS &#8211; ang. Systems of Systems) zawieraj\u0105cych mo\u017cliwo\u015bci zarz\u0105dzania i optymalizacji w czasie rzeczywistym poprzez sprz\u0119\u017cenie i&#8230;<\/p>\n","protected":false},"author":1,"featured_media":0,"parent":0,"menu_order":0,"comment_status":"closed","ping_status":"closed","template":"Template-Full-Width.php","meta":{"footnotes":""},"class_list":["post-2501","page","type-page","status-publish","hentry"],"yoast_head":"<!-- This site is optimized with the Yoast SEO plugin v27.5 - https:\/\/yoast.com\/product\/yoast-seo-wordpress\/ -->\n<title>Projekt ACCUS - Pomorskie Centrum Przetwarzania Danych<\/title>\n<meta name=\"robots\" content=\"index, follow, max-snippet:-1, max-image-preview:large, max-video-preview:-1\" \/>\n<link rel=\"canonical\" href=\"https:\/\/pcpd.pl\/?page_id=2501\" \/>\n<meta property=\"og:locale\" content=\"pl_PL\" \/>\n<meta property=\"og:type\" content=\"article\" \/>\n<meta property=\"og:title\" content=\"Projekt ACCUS - Pomorskie Centrum Przetwarzania Danych\" \/>\n<meta property=\"og:description\" content=\"Projekty dofinansowane Projekt ACCUS Od 1.06.2013 PCPD jako cz\u0142onek mi\u0119dzynarodowego\u00a0 konsorcjum bierze udzia\u0142 w projekcie ACCUS w ramach europejskiej inicjatywy JTI ARTEMIS. Projekt ACCUS (ang. Adaptive Cooperative Control of Urban Subsystems) dotyczy efektywnego tworzenia system\u00f3w z\u0142o\u017conych z podsystem\u00f3w (SoS &#8211; ang. Systems of Systems) zawieraj\u0105cych mo\u017cliwo\u015bci zarz\u0105dzania i optymalizacji w czasie rzeczywistym poprzez sprz\u0119\u017cenie i...\" \/>\n<meta property=\"og:url\" content=\"https:\/\/pcpd.pl\/?page_id=2501\" \/>\n<meta property=\"og:site_name\" content=\"Pomorskie Centrum Przetwarzania Danych\" \/>\n<meta property=\"article:modified_time\" content=\"2017-06-05T11:52:14+00:00\" \/>\n<meta name=\"twitter:card\" content=\"summary_large_image\" \/>\n<meta name=\"twitter:label1\" content=\"Szacowany czas czytania\" \/>\n\t<meta name=\"twitter:data1\" content=\"5 minut\" \/>\n<script type=\"application\/ld+json\" class=\"yoast-schema-graph\">{\"@context\":\"https:\\\/\\\/schema.org\",\"@graph\":[{\"@type\":\"WebPage\",\"@id\":\"https:\\\/\\\/pcpd.pl\\\/?page_id=2501\",\"url\":\"https:\\\/\\\/pcpd.pl\\\/?page_id=2501\",\"name\":\"Projekt ACCUS - Pomorskie Centrum Przetwarzania Danych\",\"isPartOf\":{\"@id\":\"https:\\\/\\\/pcpd.pl\\\/#website\"},\"datePublished\":\"2014-03-12T13:49:01+00:00\",\"dateModified\":\"2017-06-05T11:52:14+00:00\",\"breadcrumb\":{\"@id\":\"https:\\\/\\\/pcpd.pl\\\/?page_id=2501#breadcrumb\"},\"inLanguage\":\"pl-PL\",\"potentialAction\":[{\"@type\":\"ReadAction\",\"target\":[\"https:\\\/\\\/pcpd.pl\\\/?page_id=2501\"]}]},{\"@type\":\"BreadcrumbList\",\"@id\":\"https:\\\/\\\/pcpd.pl\\\/?page_id=2501#breadcrumb\",\"itemListElement\":[{\"@type\":\"ListItem\",\"position\":1,\"name\":\"Strona g\u0142\u00f3wna\",\"item\":\"https:\\\/\\\/pcpd.pl\\\/\"},{\"@type\":\"ListItem\",\"position\":2,\"name\":\"Projekt ACCUS\"}]},{\"@type\":\"WebSite\",\"@id\":\"https:\\\/\\\/pcpd.pl\\\/#website\",\"url\":\"https:\\\/\\\/pcpd.pl\\\/\",\"name\":\"Pomorskie Centrum Przetwarzania Danych\",\"description\":\"Pomorskie Centrum Przetwarzania Danych\",\"potentialAction\":[{\"@type\":\"SearchAction\",\"target\":{\"@type\":\"EntryPoint\",\"urlTemplate\":\"https:\\\/\\\/pcpd.pl\\\/?s={search_term_string}\"},\"query-input\":{\"@type\":\"PropertyValueSpecification\",\"valueRequired\":true,\"valueName\":\"search_term_string\"}}],\"inLanguage\":\"pl-PL\"}]}<\/script>\n<!-- \/ Yoast SEO plugin. -->","yoast_head_json":{"title":"Projekt ACCUS - Pomorskie Centrum Przetwarzania Danych","robots":{"index":"index","follow":"follow","max-snippet":"max-snippet:-1","max-image-preview":"max-image-preview:large","max-video-preview":"max-video-preview:-1"},"canonical":"https:\/\/pcpd.pl\/?page_id=2501","og_locale":"pl_PL","og_type":"article","og_title":"Projekt ACCUS - Pomorskie Centrum Przetwarzania Danych","og_description":"Projekty dofinansowane Projekt ACCUS Od 1.06.2013 PCPD jako cz\u0142onek mi\u0119dzynarodowego\u00a0 konsorcjum bierze udzia\u0142 w projekcie ACCUS w ramach europejskiej inicjatywy JTI ARTEMIS. Projekt ACCUS (ang. Adaptive Cooperative Control of Urban Subsystems) dotyczy efektywnego tworzenia system\u00f3w z\u0142o\u017conych z podsystem\u00f3w (SoS &#8211; ang. Systems of Systems) zawieraj\u0105cych mo\u017cliwo\u015bci zarz\u0105dzania i optymalizacji w czasie rzeczywistym poprzez sprz\u0119\u017cenie i...","og_url":"https:\/\/pcpd.pl\/?page_id=2501","og_site_name":"Pomorskie Centrum Przetwarzania Danych","article_modified_time":"2017-06-05T11:52:14+00:00","twitter_card":"summary_large_image","twitter_misc":{"Szacowany czas czytania":"5 minut"},"schema":{"@context":"https:\/\/schema.org","@graph":[{"@type":"WebPage","@id":"https:\/\/pcpd.pl\/?page_id=2501","url":"https:\/\/pcpd.pl\/?page_id=2501","name":"Projekt ACCUS - Pomorskie Centrum Przetwarzania Danych","isPartOf":{"@id":"https:\/\/pcpd.pl\/#website"},"datePublished":"2014-03-12T13:49:01+00:00","dateModified":"2017-06-05T11:52:14+00:00","breadcrumb":{"@id":"https:\/\/pcpd.pl\/?page_id=2501#breadcrumb"},"inLanguage":"pl-PL","potentialAction":[{"@type":"ReadAction","target":["https:\/\/pcpd.pl\/?page_id=2501"]}]},{"@type":"BreadcrumbList","@id":"https:\/\/pcpd.pl\/?page_id=2501#breadcrumb","itemListElement":[{"@type":"ListItem","position":1,"name":"Strona g\u0142\u00f3wna","item":"https:\/\/pcpd.pl\/"},{"@type":"ListItem","position":2,"name":"Projekt ACCUS"}]},{"@type":"WebSite","@id":"https:\/\/pcpd.pl\/#website","url":"https:\/\/pcpd.pl\/","name":"Pomorskie Centrum Przetwarzania Danych","description":"Pomorskie Centrum Przetwarzania Danych","potentialAction":[{"@type":"SearchAction","target":{"@type":"EntryPoint","urlTemplate":"https:\/\/pcpd.pl\/?s={search_term_string}"},"query-input":{"@type":"PropertyValueSpecification","valueRequired":true,"valueName":"search_term_string"}}],"inLanguage":"pl-PL"}]}},"_links":{"self":[{"href":"https:\/\/pcpd.pl\/index.php?rest_route=\/wp\/v2\/pages\/2501","targetHints":{"allow":["GET"]}}],"collection":[{"href":"https:\/\/pcpd.pl\/index.php?rest_route=\/wp\/v2\/pages"}],"about":[{"href":"https:\/\/pcpd.pl\/index.php?rest_route=\/wp\/v2\/types\/page"}],"author":[{"embeddable":true,"href":"https:\/\/pcpd.pl\/index.php?rest_route=\/wp\/v2\/users\/1"}],"replies":[{"embeddable":true,"href":"https:\/\/pcpd.pl\/index.php?rest_route=%2Fwp%2Fv2%2Fcomments&post=2501"}],"version-history":[{"count":8,"href":"https:\/\/pcpd.pl\/index.php?rest_route=\/wp\/v2\/pages\/2501\/revisions"}],"predecessor-version":[{"id":2907,"href":"https:\/\/pcpd.pl\/index.php?rest_route=\/wp\/v2\/pages\/2501\/revisions\/2907"}],"wp:attachment":[{"href":"https:\/\/pcpd.pl\/index.php?rest_route=%2Fwp%2Fv2%2Fmedia&parent=2501"}],"curies":[{"name":"wp","href":"https:\/\/api.w.org\/{rel}","templated":true}]}}