






{"id":2477,"date":"2014-02-11T19:12:55","date_gmt":"2014-02-11T18:12:55","guid":{"rendered":"http:\/\/pcpd.pl\/?page_id=2477"},"modified":"2017-06-06T13:12:49","modified_gmt":"2017-06-06T11:12:49","slug":"wirtualna-wycieczka","status":"publish","type":"page","link":"https:\/\/pcpd.pl\/?page_id=2477","title":{"rendered":"Wirtualna wycieczka"},"content":{"rendered":"<p align=\"center\"><iframe loading=\"lazy\" width=\"900\" height=\"500\" frameborder=\"0\" scrolling=\"no\" marginheight=\"0\" marginwidth=\"0\" src=\"https:\/\/www.google.pl\/maps?layer=c&amp;sll=54.354814,18.594689&amp;cid=6503474679100437682&amp;panoid=hlODvrPwxG8AAAAGOx8TKA&amp;cbp=13,296.13,,0,0&amp;q=pcpd&amp;ie=UTF8&amp;hq=pcpd&amp;hnear=&amp;ll=54.354814,18.594689&amp;spn=0.006295,0.006295&amp;t=m&amp;cbll=54.354815,18.594748&amp;source=embed&amp;output=svembed\"><\/iframe><br \/><small><a href=\"https:\/\/www.google.pl\/maps?layer=c&amp;sll=54.354814,18.594689&amp;cid=6503474679100437682&amp;panoid=hlODvrPwxG8AAAAGOx8TKA&amp;cbp=13,296.13,,0,0&amp;q=pcpd&amp;ie=UTF8&amp;hq=pcpd&amp;hnear=&amp;ll=54.354814,18.594689&amp;spn=0.006295,0.006295&amp;t=m&amp;cbll=54.354815,18.594748&amp;source=embed\" style=\"color:#0000FF;text-align:left\">Wy\u015bwietl wi\u0119ksz\u0105 map\u0119<\/a><\/small><\/p>\n","protected":false},"excerpt":{"rendered":"<p>Wy\u015bwietl wi\u0119ksz\u0105 map\u0119<\/p>\n","protected":false},"author":1,"featured_media":0,"parent":0,"menu_order":0,"comment_status":"closed","ping_status":"closed","template":"Template-Full-Width.php","meta":{"footnotes":""},"class_list":["post-2477","page","type-page","status-publish","hentry"],"yoast_head":"<!-- This site is optimized with the Yoast SEO plugin v27.5 - https:\/\/yoast.com\/product\/yoast-seo-wordpress\/ -->\n<title>Wirtualna wycieczka - Pomorskie Centrum Przetwarzania Danych<\/title>\n<meta name=\"robots\" content=\"index, follow, max-snippet:-1, max-image-preview:large, max-video-preview:-1\" \/>\n<link rel=\"canonical\" href=\"https:\/\/pcpd.pl\/?page_id=2477\" \/>\n<meta property=\"og:locale\" content=\"pl_PL\" \/>\n<meta property=\"og:type\" content=\"article\" \/>\n<meta property=\"og:title\" content=\"Wirtualna wycieczka - Pomorskie Centrum Przetwarzania Danych\" \/>\n<meta property=\"og:description\" content=\"Wy\u015bwietl wi\u0119ksz\u0105 map\u0119\" \/>\n<meta property=\"og:url\" content=\"https:\/\/pcpd.pl\/?page_id=2477\" \/>\n<meta property=\"og:site_name\" content=\"Pomorskie Centrum Przetwarzania Danych\" \/>\n<meta property=\"article:modified_time\" content=\"2017-06-06T11:12:49+00:00\" \/>\n<meta name=\"twitter:card\" content=\"summary_large_image\" \/>\n<script type=\"application\/ld+json\" class=\"yoast-schema-graph\">{\"@context\":\"https:\\\/\\\/schema.org\",\"@graph\":[{\"@type\":\"WebPage\",\"@id\":\"https:\\\/\\\/pcpd.pl\\\/?page_id=2477\",\"url\":\"https:\\\/\\\/pcpd.pl\\\/?page_id=2477\",\"name\":\"Wirtualna wycieczka - Pomorskie Centrum Przetwarzania Danych\",\"isPartOf\":{\"@id\":\"https:\\\/\\\/pcpd.pl\\\/#website\"},\"datePublished\":\"2014-02-11T18:12:55+00:00\",\"dateModified\":\"2017-06-06T11:12:49+00:00\",\"breadcrumb\":{\"@id\":\"https:\\\/\\\/pcpd.pl\\\/?page_id=2477#breadcrumb\"},\"inLanguage\":\"pl-PL\",\"potentialAction\":[{\"@type\":\"ReadAction\",\"target\":[\"https:\\\/\\\/pcpd.pl\\\/?page_id=2477\"]}]},{\"@type\":\"BreadcrumbList\",\"@id\":\"https:\\\/\\\/pcpd.pl\\\/?page_id=2477#breadcrumb\",\"itemListElement\":[{\"@type\":\"ListItem\",\"position\":1,\"name\":\"Strona g\u0142\u00f3wna\",\"item\":\"https:\\\/\\\/pcpd.pl\\\/\"},{\"@type\":\"ListItem\",\"position\":2,\"name\":\"Wirtualna wycieczka\"}]},{\"@type\":\"WebSite\",\"@id\":\"https:\\\/\\\/pcpd.pl\\\/#website\",\"url\":\"https:\\\/\\\/pcpd.pl\\\/\",\"name\":\"Pomorskie Centrum Przetwarzania Danych\",\"description\":\"Pomorskie Centrum Przetwarzania Danych\",\"potentialAction\":[{\"@type\":\"SearchAction\",\"target\":{\"@type\":\"EntryPoint\",\"urlTemplate\":\"https:\\\/\\\/pcpd.pl\\\/?s={search_term_string}\"},\"query-input\":{\"@type\":\"PropertyValueSpecification\",\"valueRequired\":true,\"valueName\":\"search_term_string\"}}],\"inLanguage\":\"pl-PL\"}]}<\/script>\n<!-- \/ Yoast SEO plugin. -->","yoast_head_json":{"title":"Wirtualna wycieczka - Pomorskie Centrum Przetwarzania Danych","robots":{"index":"index","follow":"follow","max-snippet":"max-snippet:-1","max-image-preview":"max-image-preview:large","max-video-preview":"max-video-preview:-1"},"canonical":"https:\/\/pcpd.pl\/?page_id=2477","og_locale":"pl_PL","og_type":"article","og_title":"Wirtualna wycieczka - Pomorskie Centrum Przetwarzania Danych","og_description":"Wy\u015bwietl wi\u0119ksz\u0105 map\u0119","og_url":"https:\/\/pcpd.pl\/?page_id=2477","og_site_name":"Pomorskie Centrum Przetwarzania Danych","article_modified_time":"2017-06-06T11:12:49+00:00","twitter_card":"summary_large_image","schema":{"@context":"https:\/\/schema.org","@graph":[{"@type":"WebPage","@id":"https:\/\/pcpd.pl\/?page_id=2477","url":"https:\/\/pcpd.pl\/?page_id=2477","name":"Wirtualna wycieczka - Pomorskie Centrum Przetwarzania Danych","isPartOf":{"@id":"https:\/\/pcpd.pl\/#website"},"datePublished":"2014-02-11T18:12:55+00:00","dateModified":"2017-06-06T11:12:49+00:00","breadcrumb":{"@id":"https:\/\/pcpd.pl\/?page_id=2477#breadcrumb"},"inLanguage":"pl-PL","potentialAction":[{"@type":"ReadAction","target":["https:\/\/pcpd.pl\/?page_id=2477"]}]},{"@type":"BreadcrumbList","@id":"https:\/\/pcpd.pl\/?page_id=2477#breadcrumb","itemListElement":[{"@type":"ListItem","position":1,"name":"Strona g\u0142\u00f3wna","item":"https:\/\/pcpd.pl\/"},{"@type":"ListItem","position":2,"name":"Wirtualna wycieczka"}]},{"@type":"WebSite","@id":"https:\/\/pcpd.pl\/#website","url":"https:\/\/pcpd.pl\/","name":"Pomorskie Centrum Przetwarzania Danych","description":"Pomorskie Centrum Przetwarzania Danych","potentialAction":[{"@type":"SearchAction","target":{"@type":"EntryPoint","urlTemplate":"https:\/\/pcpd.pl\/?s={search_term_string}"},"query-input":{"@type":"PropertyValueSpecification","valueRequired":true,"valueName":"search_term_string"}}],"inLanguage":"pl-PL"}]}},"_links":{"self":[{"href":"https:\/\/pcpd.pl\/index.php?rest_route=\/wp\/v2\/pages\/2477","targetHints":{"allow":["GET"]}}],"collection":[{"href":"https:\/\/pcpd.pl\/index.php?rest_route=\/wp\/v2\/pages"}],"about":[{"href":"https:\/\/pcpd.pl\/index.php?rest_route=\/wp\/v2\/types\/page"}],"author":[{"embeddable":true,"href":"https:\/\/pcpd.pl\/index.php?rest_route=\/wp\/v2\/users\/1"}],"replies":[{"embeddable":true,"href":"https:\/\/pcpd.pl\/index.php?rest_route=%2Fwp%2Fv2%2Fcomments&post=2477"}],"version-history":[{"count":10,"href":"https:\/\/pcpd.pl\/index.php?rest_route=\/wp\/v2\/pages\/2477\/revisions"}],"predecessor-version":[{"id":2979,"href":"https:\/\/pcpd.pl\/index.php?rest_route=\/wp\/v2\/pages\/2477\/revisions\/2979"}],"wp:attachment":[{"href":"https:\/\/pcpd.pl\/index.php?rest_route=%2Fwp%2Fv2%2Fmedia&parent=2477"}],"curies":[{"name":"wp","href":"https:\/\/api.w.org\/{rel}","templated":true}]}}