






{"id":1543,"date":"2012-01-20T12:50:18","date_gmt":"2012-01-20T12:50:18","guid":{"rendered":"http:\/\/91.221.26.18\/?page_id=1543"},"modified":"2025-02-07T11:08:08","modified_gmt":"2025-02-07T10:08:08","slug":"data-center-pcpd","status":"publish","type":"page","link":"https:\/\/pcpd.pl\/?page_id=1543","title":{"rendered":"INFRASTRUKTURA"},"content":{"rendered":"<p>\n<br \/><blockquote><p><span style=\"font-size:20px;\">&rdquo;<\/span> <strong>Serwerownia (ang. - data center)<\/strong> - wydzielone pomieszczenie b\u0119d\u0105ce \u015brodowiskiem pracy komputer\u00f3w pe\u0142ni\u0105cych rol\u0119 serwer\u00f3w, a tak\u017ce aktywnych i pasywnych element\u00f3w sieci komputerowych. Urz\u0105dzenia te s\u0105 umieszczane najcz\u0119\u015bciej w szafach stela\u017cowych (rackowych) wewn\u0105trz serwerowni. Serwerownia posiada specyficzny mikroklimat. W pomieszczeniu dla poprawnej pracy urz\u0105dze\u0144 powinna by\u0107 zachowana odpowiednia wilgotno\u015b\u0107 (45%) i temperatura powietrza (20 \u00b0C). Profesjonalne serwerownie posiadaj\u0105 czujniki ww. parametr\u00f3w i automatycznie reguluj\u0105 zmiany mikroklimatu (tzw. klimatyzacja precyzyjna). W celu utrzymania ci\u0105g\u0142o\u015bci pracy urz\u0105dze\u0144 stosuje si\u0119 dwa (lub wi\u0119cej) \u017ar\u00f3d\u0142a zasilania serwerowni oraz systemy zasilania awaryjnego UPS. W przypadku serwer\u00f3w internetowych, stosuje si\u0119 tak\u017ce kilka \u0142\u0105czy do r\u00f3\u017cnych dostawc\u00f3w internetu, w celu zapewnienia widoczno\u015bci serwer\u00f3w nawet podczas awarii jednego z \u0142\u0105cz.(...) Ponadto profesjonalna serwerownia powinna posiada\u0107 system kontroli dost\u0119pu (bezpiecze\u0144stwo fizyczne) oraz automatyczny system przeciwpo\u017carowy. <span style=\"font-size:20px;\">&ldquo;<\/span><\/p><cite>\u017ar\u00f3d\u0142o, <a href=\"http:\/\/pl.wikipedia.org\/wiki\/Serwerownia\" target=\"_blank\">Wikipedia<\/a><\/cite><\/blockquote><\/p>\n<h3>Serwerownia PCPD spelnia wszystkie wymogi dla profesjonalnego Data Center<\/h3>\n<div class=\"one_half\">\n<ul>\n<li>powierzchnia kolokacyjna - ponad 400m2<\/li>\n<\/ul>\n<ul>\n<li>idealna lokalizacja w GPN-T<\/li>\n<\/ul>\n<ul>\n<li>redundantny system klimatyzacji<\/li>\n<\/ul>\n<ul>\n<li>zapasowy system zasilania szaf<\/li>\n<\/ul>\n<ul>\n<li>bezpieczenstwo energetyczne<\/li>\n<\/ul>\n<ul>\n<li>kilku operator\u00f3w telekomunikacyjnych<\/li>\n<\/ul>\n<ul>\n<li>profesjonalne, zamykane szafy rack 19\u201d<\/li>\n<\/ul>\n<ul>\n<li>system wykrywania i sygnalizacji dymu\/ognia<\/li>\n<\/ul>\n<ul>\n<li>automatyczne gaszenie gazem neutralnym<\/li>\n<\/ul>\n<ul>\n<li>ochrona fizyczna i system kamer 24\/7\/365<\/li>\n<\/ul>\n<p><\/div><br \/><div class=\"one_half no-margin\"><\/p>\n<p><img decoding=\"async\" src=\"http:\/\/pcpd.pl\/wp-content\/uploads\/2014\/02\/plan_2013_12_101-e1391518801682.jpg\" class=\"alignright icon\" alt=\"\" \/><br \/><\/div><br \/><div class=\"two_third\"><\/p>\n<h2>Lokalizacja<\/h2>\n<ul>\n<li>Bezpieczna i presti\u017cowa lokalizacja w budynku <a href=\"https:\/\/gpnt.pl\/\" target=\"_blank\" rel=\"noopener noreferrer\">Gda\u0144skiego Parku Naukowo - Technologicznego<\/a><\/li>\n<li>Budynek znajduje si\u0119 na wzniesieniu, nie jest na terenie zalewowym, 2 km od<br \/>centrum Gda\u0144ska, 60 metr\u00f3w nad poziomem morza, w najbli\u017cszej okolicy brak<br \/>potencjalnie niebezpiecznych obiekt\u00f3w (<a href=\"https:\/\/goo.gl\/maps\/VV9BjsGJxRm\" target=\"_blank\" rel=\"noopener noreferrer\">mapa<\/a>)<\/li>\n<li>Brak dodatkowych pi\u0119ter w budynku nad komor\u0105 serwerowni<\/li>\n<li>Komora serwerowa zabudowana grubym murem bez okien, umieszczona 6 metr\u00f3w nad poziomiem gruntu (brak mo\u017cliwo\u015bci zalania komory)<\/li>\n<li>W obiekcie dost\u0119pna jest dodatkowa powierzchnia magazynowa i biurowa<\/li>\n<li>Do infrastrukty Data Center nale\u017cy tak\u017ce zaliczy\u0107 ramp\u0119 towarow\u0105 i wind\u0119 transportow\u0105 wraz z drog\u0105 transportow\u0105 dla ci\u0119\u017ckiego i du\u017cego sprz\u0119tu<\/li>\n<\/ul>\n<h2><strong>Internet<\/strong><\/h2>\n<ul>\n<li>trzy niezale\u017cne \u0142\u0105cza \u015bwiat\u0142owodowe, wiod\u0105cych dostawc\u00f3w (m.in. TASK, TP)<\/li>\n<li>Data Center PCPD jest przewidziane jako kluczowy w\u0119ze\u0142 MAN'u Gda\u0144skiego<\/li>\n<li>mo\u017cliwo\u015b\u0107 zestawienia \u0142\u0105cza z dowolnym operatorem, zgodnie ze specyfikacj\u0105 Klienta<\/li>\n<\/ul>\n<h2>Klimatyzacja<\/h2>\n<ul>\n<li>system klimatyzacji, automatycznie utrzymuj\u0105cy odpowiedni\u0105 temperatur\u0119 i wilgotno\u015b\u0107 w pomieszczeniu serwerowni - tzw. klimatyzacja precyzyjna<\/li>\n<li>rozwi\u0105zanie \"gor\u0105cy korytarz\" - \"zimny korytarz\" - ch\u0142odne powietrze wt\u0142aczane jest pod pod\u0142og\u0119 techniczn\u0105 a nast\u0119pnie, poprzez kratki nawiewowe, zasysane w \"zimnym korytarzu\" przez serwery<\/li>\n<li>dbamy o \u015brodowisko - poprzez zastosowanie rozwi\u0105za\u0144 Green IT w naszej serwerowni, efektywnie wykorzystujemy energi\u0119, co przek\u0142ada si\u0119 te\u017c na porfel naszych Klient\u00f3w. W przysz\u0142o\u015bci planujemy tak\u017ce wykorzysta\u0107 energi\u0119 (gor\u0105ce powietrze generowane przez serwery) do ogrzewania kompleksu GPN-T.<\/li>\n<\/ul>\n<p><\/div><br \/><div class=\"one_third no-margin\"><\/p>\n<p><img decoding=\"async\" src=\"http:\/\/91.221.26.18\/wp-content\/uploads\/2012\/02\/gpntn-e1329822855349.jpg\" class=\"alignright icon\" alt=\"\" \/><br \/><img decoding=\"async\" src=\"http:\/\/91.221.26.18\/wp-content\/uploads\/2012\/02\/czno\u015b\u0107-e1329826340246.jpg\" class=\"alignright icon\" alt=\"\" \/><br \/><img decoding=\"async\" src=\"http:\/\/91.221.26.18\/wp-content\/uploads\/2012\/02\/szafy-rack-zimny-korytarz-e1330086861917.jpg\" class=\"alignright icon\" alt=\"\" \/><br \/><\/p><\/div><br \/><div class=\"one_half\"><\/p>\n<h2>Zasilanie<\/h2>\n<ul>\n<li>Wydajny system tr\u00f3jfazowych UPS du\u017cej mocy.<\/li>\n<li>Automatyczne prze\u0142\u0105czenie na zasilanie z w\u0142asnego agregatu pr\u0105dotw\u00f3rczego z zapasem paliwa.<\/li>\n<li>W\u0142asna stacja transformatorowa obiektu pod\u0142\u0105czona bezpo\u015brednio do G\u0142\u00f3wnego Punktu Zasilaj\u0105cego z du\u017cym zapasem mocy.<\/li>\n<\/ul>\n<p><\/div><br \/><div class=\"one_half no-margin\"><\/p>\n<h2>Bezp. fizyczne<\/h2>\n<ul>\n<li>ca\u0142odobowa ochrona fizyczna i system kontroli dost\u0119pu do obiektu (GPN-T); system monitoringu<\/li>\n<li>osobna procedura dost\u0119pu do Data Center<\/li>\n<li>System wykrywania i sygnalizacji po\u017caru z automatycznym gaszeniem gazowym<\/li>\n<\/ul>\n<p><\/div><\/p>\n<h2>\u00a0<\/h2>\n<div class=\"clear\"><\/div>\n<div class=\"two_third\"><\/p>\n<h2>ISO 27001 : 2013<\/h2>\n<p>Jako jedni z nielicznych w Polsce posiadamy certyfikat <strong>ISO 27001:2013<\/strong>. Spe\u0142niamy tym samym wymagania niezb\u0119dne do\u00a0d\u0142ugoterminowej kolokacji sprz\u0119tu do przetwarzania danych, w tym danych <em>biomedycznych.<\/em><\/p>\n<p><\/div>\n<div class=\"one_third no-margin\"><\/p>\n<p><\/p><\/div>\n<p><\/p>\n<div data-wp-interactive=\"core\/file\" class=\"wp-block-file\"><object data-wp-bind--hidden=\"!state.hasPdfPreview\" hidden class=\"wp-block-file__embed\" data=\"https:\/\/pcpd.pl\/wp-content\/uploads\/2025\/02\/Opis-serwerowni-DRUK-2025-INFORMACJA-NA-TEMAT-INFRASTRUKTURY.pdf\" type=\"application\/pdf\" style=\"width:100%;height:600px\" aria-label=\"Osadzone z Opis serwerowni DRUK 2025 INFORMACJA NA TEMAT INFRASTRUKTURY.\"><\/object><a id=\"wp-block-file--media-3f22138f-000b-4557-9c15-5170c64e9a03\" href=\"https:\/\/pcpd.pl\/wp-content\/uploads\/2025\/02\/Opis-serwerowni-DRUK-2025-INFORMACJA-NA-TEMAT-INFRASTRUKTURY.pdf\">Opis serwerowni DRUK 2025 INFORMACJA NA TEMAT INFRASTRUKTURY<\/a><a href=\"https:\/\/pcpd.pl\/wp-content\/uploads\/2025\/02\/Opis-serwerowni-DRUK-2025-INFORMACJA-NA-TEMAT-INFRASTRUKTURY.pdf\" class=\"wp-block-file__button wp-element-button\" download aria-describedby=\"wp-block-file--media-3f22138f-000b-4557-9c15-5170c64e9a03\">Pobierz<\/a><\/div><\/p>\n","protected":false},"excerpt":{"rendered":"<p>Serwerownia PCPD spelnia wszystkie wymogi dla profesjonalnego Data Center \u00a0<\/p>\n","protected":false},"author":1,"featured_media":0,"parent":0,"menu_order":0,"comment_status":"closed","ping_status":"open","template":"Template-Full-Width.php","meta":{"footnotes":""},"class_list":["post-1543","page","type-page","status-publish","hentry"],"yoast_head":"<!-- This site is optimized with the Yoast SEO plugin v27.5 - https:\/\/yoast.com\/product\/yoast-seo-wordpress\/ -->\n<title>INFRASTRUKTURA - Pomorskie Centrum Przetwarzania Danych<\/title>\n<meta name=\"robots\" content=\"index, follow, max-snippet:-1, max-image-preview:large, max-video-preview:-1\" \/>\n<link rel=\"canonical\" href=\"https:\/\/pcpd.pl\/?page_id=1543\" \/>\n<meta property=\"og:locale\" content=\"pl_PL\" \/>\n<meta property=\"og:type\" content=\"article\" \/>\n<meta property=\"og:title\" content=\"INFRASTRUKTURA - Pomorskie Centrum Przetwarzania Danych\" \/>\n<meta property=\"og:description\" content=\"Serwerownia PCPD spelnia wszystkie wymogi dla profesjonalnego Data Center \u00a0\" \/>\n<meta property=\"og:url\" content=\"https:\/\/pcpd.pl\/?page_id=1543\" \/>\n<meta property=\"og:site_name\" content=\"Pomorskie Centrum Przetwarzania Danych\" \/>\n<meta property=\"article:modified_time\" content=\"2025-02-07T10:08:08+00:00\" \/>\n<meta name=\"twitter:card\" content=\"summary_large_image\" \/>\n<meta name=\"twitter:label1\" content=\"Szacowany czas czytania\" \/>\n\t<meta name=\"twitter:data1\" content=\"3 minuty\" \/>\n<script type=\"application\/ld+json\" class=\"yoast-schema-graph\">{\"@context\":\"https:\\\/\\\/schema.org\",\"@graph\":[{\"@type\":\"WebPage\",\"@id\":\"https:\\\/\\\/pcpd.pl\\\/?page_id=1543\",\"url\":\"https:\\\/\\\/pcpd.pl\\\/?page_id=1543\",\"name\":\"INFRASTRUKTURA - Pomorskie Centrum Przetwarzania Danych\",\"isPartOf\":{\"@id\":\"https:\\\/\\\/pcpd.pl\\\/#website\"},\"datePublished\":\"2012-01-20T12:50:18+00:00\",\"dateModified\":\"2025-02-07T10:08:08+00:00\",\"breadcrumb\":{\"@id\":\"https:\\\/\\\/pcpd.pl\\\/?page_id=1543#breadcrumb\"},\"inLanguage\":\"pl-PL\",\"potentialAction\":[{\"@type\":\"ReadAction\",\"target\":[\"https:\\\/\\\/pcpd.pl\\\/?page_id=1543\"]}]},{\"@type\":\"BreadcrumbList\",\"@id\":\"https:\\\/\\\/pcpd.pl\\\/?page_id=1543#breadcrumb\",\"itemListElement\":[{\"@type\":\"ListItem\",\"position\":1,\"name\":\"Strona g\u0142\u00f3wna\",\"item\":\"https:\\\/\\\/pcpd.pl\\\/\"},{\"@type\":\"ListItem\",\"position\":2,\"name\":\"INFRASTRUKTURA\"}]},{\"@type\":\"WebSite\",\"@id\":\"https:\\\/\\\/pcpd.pl\\\/#website\",\"url\":\"https:\\\/\\\/pcpd.pl\\\/\",\"name\":\"Pomorskie Centrum Przetwarzania Danych\",\"description\":\"Pomorskie Centrum Przetwarzania Danych\",\"potentialAction\":[{\"@type\":\"SearchAction\",\"target\":{\"@type\":\"EntryPoint\",\"urlTemplate\":\"https:\\\/\\\/pcpd.pl\\\/?s={search_term_string}\"},\"query-input\":{\"@type\":\"PropertyValueSpecification\",\"valueRequired\":true,\"valueName\":\"search_term_string\"}}],\"inLanguage\":\"pl-PL\"}]}<\/script>\n<!-- \/ Yoast SEO plugin. -->","yoast_head_json":{"title":"INFRASTRUKTURA - Pomorskie Centrum Przetwarzania Danych","robots":{"index":"index","follow":"follow","max-snippet":"max-snippet:-1","max-image-preview":"max-image-preview:large","max-video-preview":"max-video-preview:-1"},"canonical":"https:\/\/pcpd.pl\/?page_id=1543","og_locale":"pl_PL","og_type":"article","og_title":"INFRASTRUKTURA - Pomorskie Centrum Przetwarzania Danych","og_description":"Serwerownia PCPD spelnia wszystkie wymogi dla profesjonalnego Data Center \u00a0","og_url":"https:\/\/pcpd.pl\/?page_id=1543","og_site_name":"Pomorskie Centrum Przetwarzania Danych","article_modified_time":"2025-02-07T10:08:08+00:00","twitter_card":"summary_large_image","twitter_misc":{"Szacowany czas czytania":"3 minuty"},"schema":{"@context":"https:\/\/schema.org","@graph":[{"@type":"WebPage","@id":"https:\/\/pcpd.pl\/?page_id=1543","url":"https:\/\/pcpd.pl\/?page_id=1543","name":"INFRASTRUKTURA - Pomorskie Centrum Przetwarzania Danych","isPartOf":{"@id":"https:\/\/pcpd.pl\/#website"},"datePublished":"2012-01-20T12:50:18+00:00","dateModified":"2025-02-07T10:08:08+00:00","breadcrumb":{"@id":"https:\/\/pcpd.pl\/?page_id=1543#breadcrumb"},"inLanguage":"pl-PL","potentialAction":[{"@type":"ReadAction","target":["https:\/\/pcpd.pl\/?page_id=1543"]}]},{"@type":"BreadcrumbList","@id":"https:\/\/pcpd.pl\/?page_id=1543#breadcrumb","itemListElement":[{"@type":"ListItem","position":1,"name":"Strona g\u0142\u00f3wna","item":"https:\/\/pcpd.pl\/"},{"@type":"ListItem","position":2,"name":"INFRASTRUKTURA"}]},{"@type":"WebSite","@id":"https:\/\/pcpd.pl\/#website","url":"https:\/\/pcpd.pl\/","name":"Pomorskie Centrum Przetwarzania Danych","description":"Pomorskie Centrum Przetwarzania Danych","potentialAction":[{"@type":"SearchAction","target":{"@type":"EntryPoint","urlTemplate":"https:\/\/pcpd.pl\/?s={search_term_string}"},"query-input":{"@type":"PropertyValueSpecification","valueRequired":true,"valueName":"search_term_string"}}],"inLanguage":"pl-PL"}]}},"_links":{"self":[{"href":"https:\/\/pcpd.pl\/index.php?rest_route=\/wp\/v2\/pages\/1543","targetHints":{"allow":["GET"]}}],"collection":[{"href":"https:\/\/pcpd.pl\/index.php?rest_route=\/wp\/v2\/pages"}],"about":[{"href":"https:\/\/pcpd.pl\/index.php?rest_route=\/wp\/v2\/types\/page"}],"author":[{"embeddable":true,"href":"https:\/\/pcpd.pl\/index.php?rest_route=\/wp\/v2\/users\/1"}],"replies":[{"embeddable":true,"href":"https:\/\/pcpd.pl\/index.php?rest_route=%2Fwp%2Fv2%2Fcomments&post=1543"}],"version-history":[{"count":230,"href":"https:\/\/pcpd.pl\/index.php?rest_route=\/wp\/v2\/pages\/1543\/revisions"}],"predecessor-version":[{"id":3832,"href":"https:\/\/pcpd.pl\/index.php?rest_route=\/wp\/v2\/pages\/1543\/revisions\/3832"}],"wp:attachment":[{"href":"https:\/\/pcpd.pl\/index.php?rest_route=%2Fwp%2Fv2%2Fmedia&parent=1543"}],"curies":[{"name":"wp","href":"https:\/\/api.w.org\/{rel}","templated":true}]}}