






{"id":1473,"date":"2012-01-18T14:14:38","date_gmt":"2012-01-18T14:14:38","guid":{"rendered":"http:\/\/91.221.26.18\/?page_id=1473"},"modified":"2017-11-13T12:01:46","modified_gmt":"2017-11-13T11:01:46","slug":"wirtualizacja","status":"publish","type":"page","link":"https:\/\/pcpd.pl\/?page_id=1473","title":{"rendered":"WIRTUALIZACJA"},"content":{"rendered":"\r\n<p style=\"text-align: justify;\"><blockquote><p><span style=\"font-size:20px;\">&rdquo;<\/span> <strong>Wirtualizacja<\/strong> - szerokie poj\u0119cie odnosz\u0105ce si\u0119 do abstrakcji zasob\u00f3w w r\u00f3\u017cnych aspektach informatyki. (...) Wirtualizacja pozwala jednocze\u015bnie uruchomi\u0107 wiele system\u00f3w operacyjnych na tej samej platformie sprz\u0119towej i systemowej przy maksymalnej mo\u017cliwej wydajno\u015bci. Wirtualizacja umo\u017cliwia efektywniejsze wykorzystanie istniej\u0105cych zasob\u00f3w sprz\u0119towych \u015brodowiska informatycznego poprzez dowolne (w ramach mo\u017cliwo\u015bci sprz\u0119towych czy programowych oraz za\u0142o\u017ce\u0144 projektowych) modyfikowanie cech wirtualizowanych zasob\u00f3w, dostosowuj\u0105c je do wymaga\u0144 u\u017cytkownika. <span style=\"font-size:20px;\">&ldquo;<\/span><\/p><cite>\u017ar\u00f3d\u0142o, <a href=\"http:\/\/pl.wikipedia.org\/wiki\/Wirtualizacja\" target=\"_blank\">Wikipedia<\/a><\/cite><\/blockquote>\r\n<div class=\"two_third\"><\/p>\r\n\r\n<h2>Przetwarzanie w chmurze. Zalety wirtualizacji:<\/h2>\r\n<p align=\"justify\"><strong>Optymalizacja<\/strong> - zwi\u0119kszenie wykorzystania zasob\u00f3w sprz\u0119towych, przez mo\u017cliwo\u015b\u0107 uruchomienia wielu system\u00f3w operacyjnych na jednym serwerze. Maszyny wirtualne dziel\u0105 si\u0119 zasobami serwera, nie ingeruj\u0105c mi\u0119dzy sob\u0105 w przydzielone zasoby, dzi\u0119ki czemu instalowane systemy operacyjne czy aplikacje mog\u0105 dzia\u0142a\u0107 bez przeszk\u00f3d<\/p>\r\n<p align=\"justify\"><strong>Elastyczno\u015b\u0107 zasob\u00f3w<\/strong> - w przypadku kiedy ro\u015bnie zapotrzebowanie na moc obliczeniow\u0105, jest ona przydzielana w spos\u00f3b automatyczny, dok\u0142adnie wtedy kiedy biznes potrzebuje konkretnej funkcjonalno\u015bci<\/p>\r\n<p align=\"justify\"><strong>Niezawodno\u015b\u0107<\/strong> - dzi\u0119ki dost\u0119pno\u015bci wielu maszyn fizycznych, mo\u017cliwe jest swobodne przenoszenie pomi\u0119dzy nimi maszyn wirtualnych. Migracja wirtualnych \u015brodowisk, ca\u0142ych aplikacji odbywa si\u0119 w czasie rzeczywistym, bez przerwy w dzia\u0142aniu wynikaj\u0105cych np. z konserwacji serwera czy awarii<\/p>\r\n<p align=\"justify\"><strong>Redukcja infrastruktury -&gt; redukcja koszt\u00f3w<\/strong> - zmniejszenie liczby fizycznych serwer\u00f3w przek\u0142ada si\u0119 na mniejsze zu\u017cycie energii elektrycznej, a tak\u017ce oszcz\u0119dno\u015bci na kosztach ch\u0142odzenia oraz powierzchni, kt\u00f3r\u0105 zajmuj\u0105 serwery<\/p>\r\n<p align=\"justify\"><strong>Wielopoziomowo\u015b\u0107<\/strong> - wirtualizacja mo\u017ce si\u0119 odbywa\u0107 na r\u00f3\u017cnych poziomach: danych, aplikacji, komputer\u00f3w, ca\u0142ych serwer\u00f3w<\/p>\r\n<\/div>\r\n<div class=\"one_third no-margin\">\r\n\r\n<img decoding=\"async\" src=\"http:\/\/91.221.26.18\/wp-content\/uploads\/2012\/01\/matrix.jpg\" class=\"alignright icon\" alt=\"\" \/>\r\n<\/p><\/div>\r\n<div class=\"clear\"><\/div>\r\n<strong>Wirtualizacja jest us\u0142ug\u0105 bardzo z\u0142o\u017con\u0105, nie mo\u017cna jej opisa\u0107 w kilku zdaniach. Ze wzgl\u0119du na r\u00f3\u017cnorodno\u015b\u0107 rozwi\u0105za\u0144 i potrzeb Klient\u00f3w, jest ona zazwyczaj \"szyta na miare\". Zapraszamy zatem do <a href=\"http:\/\/pcpd.pl\/?page_id=1086\" target=\"_self\">kontaktu z nami.<\/a><\/strong><strong>\r\n<p><\/strong><\/p>\n","protected":false},"excerpt":{"rendered":"<p>Wirtualizacja jest us\u0142ug\u0105 bardzo z\u0142o\u017con\u0105, nie mo\u017cna jej opisa\u0107 w kilku zdaniach. Ze wzgl\u0119du na r\u00f3\u017cnorodno\u015b\u0107 rozwi\u0105za\u0144 i potrzeb Klient\u00f3w, jest ona zazwyczaj &#8222;szyta na miare&#8221;. Zapraszamy zatem do kontaktu z nami.<\/p>\n","protected":false},"author":1,"featured_media":0,"parent":272,"menu_order":0,"comment_status":"closed","ping_status":"open","template":"Template-Full-Width.php","meta":{"footnotes":""},"class_list":["post-1473","page","type-page","status-publish","hentry"],"yoast_head":"<!-- This site is optimized with the Yoast SEO plugin v27.5 - https:\/\/yoast.com\/product\/yoast-seo-wordpress\/ -->\n<title>WIRTUALIZACJA - Pomorskie Centrum Przetwarzania Danych<\/title>\n<meta name=\"robots\" content=\"index, follow, max-snippet:-1, max-image-preview:large, max-video-preview:-1\" \/>\n<link rel=\"canonical\" href=\"https:\/\/pcpd.pl\/?page_id=1473\" \/>\n<meta property=\"og:locale\" content=\"pl_PL\" \/>\n<meta property=\"og:type\" content=\"article\" \/>\n<meta property=\"og:title\" content=\"WIRTUALIZACJA - Pomorskie Centrum Przetwarzania Danych\" \/>\n<meta property=\"og:description\" content=\"Wirtualizacja jest us\u0142ug\u0105 bardzo z\u0142o\u017con\u0105, nie mo\u017cna jej opisa\u0107 w kilku zdaniach. Ze wzgl\u0119du na r\u00f3\u017cnorodno\u015b\u0107 rozwi\u0105za\u0144 i potrzeb Klient\u00f3w, jest ona zazwyczaj &quot;szyta na miare&quot;. Zapraszamy zatem do kontaktu z nami.\" \/>\n<meta property=\"og:url\" content=\"https:\/\/pcpd.pl\/?page_id=1473\" \/>\n<meta property=\"og:site_name\" content=\"Pomorskie Centrum Przetwarzania Danych\" \/>\n<meta property=\"article:modified_time\" content=\"2017-11-13T11:01:46+00:00\" \/>\n<meta name=\"twitter:card\" content=\"summary_large_image\" \/>\n<meta name=\"twitter:label1\" content=\"Szacowany czas czytania\" \/>\n\t<meta name=\"twitter:data1\" content=\"2 minuty\" \/>\n<script type=\"application\/ld+json\" class=\"yoast-schema-graph\">{\"@context\":\"https:\\\/\\\/schema.org\",\"@graph\":[{\"@type\":\"WebPage\",\"@id\":\"https:\\\/\\\/pcpd.pl\\\/?page_id=1473\",\"url\":\"https:\\\/\\\/pcpd.pl\\\/?page_id=1473\",\"name\":\"WIRTUALIZACJA - Pomorskie Centrum Przetwarzania Danych\",\"isPartOf\":{\"@id\":\"https:\\\/\\\/pcpd.pl\\\/#website\"},\"datePublished\":\"2012-01-18T14:14:38+00:00\",\"dateModified\":\"2017-11-13T11:01:46+00:00\",\"breadcrumb\":{\"@id\":\"https:\\\/\\\/pcpd.pl\\\/?page_id=1473#breadcrumb\"},\"inLanguage\":\"pl-PL\",\"potentialAction\":[{\"@type\":\"ReadAction\",\"target\":[\"https:\\\/\\\/pcpd.pl\\\/?page_id=1473\"]}]},{\"@type\":\"BreadcrumbList\",\"@id\":\"https:\\\/\\\/pcpd.pl\\\/?page_id=1473#breadcrumb\",\"itemListElement\":[{\"@type\":\"ListItem\",\"position\":1,\"name\":\"Strona g\u0142\u00f3wna\",\"item\":\"https:\\\/\\\/pcpd.pl\\\/\"},{\"@type\":\"ListItem\",\"position\":2,\"name\":\"OFERTA\",\"item\":\"https:\\\/\\\/pcpd.pl\\\/?page_id=272\"},{\"@type\":\"ListItem\",\"position\":3,\"name\":\"WIRTUALIZACJA\"}]},{\"@type\":\"WebSite\",\"@id\":\"https:\\\/\\\/pcpd.pl\\\/#website\",\"url\":\"https:\\\/\\\/pcpd.pl\\\/\",\"name\":\"Pomorskie Centrum Przetwarzania Danych\",\"description\":\"Pomorskie Centrum Przetwarzania Danych\",\"potentialAction\":[{\"@type\":\"SearchAction\",\"target\":{\"@type\":\"EntryPoint\",\"urlTemplate\":\"https:\\\/\\\/pcpd.pl\\\/?s={search_term_string}\"},\"query-input\":{\"@type\":\"PropertyValueSpecification\",\"valueRequired\":true,\"valueName\":\"search_term_string\"}}],\"inLanguage\":\"pl-PL\"}]}<\/script>\n<!-- \/ Yoast SEO plugin. -->","yoast_head_json":{"title":"WIRTUALIZACJA - Pomorskie Centrum Przetwarzania Danych","robots":{"index":"index","follow":"follow","max-snippet":"max-snippet:-1","max-image-preview":"max-image-preview:large","max-video-preview":"max-video-preview:-1"},"canonical":"https:\/\/pcpd.pl\/?page_id=1473","og_locale":"pl_PL","og_type":"article","og_title":"WIRTUALIZACJA - Pomorskie Centrum Przetwarzania Danych","og_description":"Wirtualizacja jest us\u0142ug\u0105 bardzo z\u0142o\u017con\u0105, nie mo\u017cna jej opisa\u0107 w kilku zdaniach. Ze wzgl\u0119du na r\u00f3\u017cnorodno\u015b\u0107 rozwi\u0105za\u0144 i potrzeb Klient\u00f3w, jest ona zazwyczaj \"szyta na miare\". Zapraszamy zatem do kontaktu z nami.","og_url":"https:\/\/pcpd.pl\/?page_id=1473","og_site_name":"Pomorskie Centrum Przetwarzania Danych","article_modified_time":"2017-11-13T11:01:46+00:00","twitter_card":"summary_large_image","twitter_misc":{"Szacowany czas czytania":"2 minuty"},"schema":{"@context":"https:\/\/schema.org","@graph":[{"@type":"WebPage","@id":"https:\/\/pcpd.pl\/?page_id=1473","url":"https:\/\/pcpd.pl\/?page_id=1473","name":"WIRTUALIZACJA - Pomorskie Centrum Przetwarzania Danych","isPartOf":{"@id":"https:\/\/pcpd.pl\/#website"},"datePublished":"2012-01-18T14:14:38+00:00","dateModified":"2017-11-13T11:01:46+00:00","breadcrumb":{"@id":"https:\/\/pcpd.pl\/?page_id=1473#breadcrumb"},"inLanguage":"pl-PL","potentialAction":[{"@type":"ReadAction","target":["https:\/\/pcpd.pl\/?page_id=1473"]}]},{"@type":"BreadcrumbList","@id":"https:\/\/pcpd.pl\/?page_id=1473#breadcrumb","itemListElement":[{"@type":"ListItem","position":1,"name":"Strona g\u0142\u00f3wna","item":"https:\/\/pcpd.pl\/"},{"@type":"ListItem","position":2,"name":"OFERTA","item":"https:\/\/pcpd.pl\/?page_id=272"},{"@type":"ListItem","position":3,"name":"WIRTUALIZACJA"}]},{"@type":"WebSite","@id":"https:\/\/pcpd.pl\/#website","url":"https:\/\/pcpd.pl\/","name":"Pomorskie Centrum Przetwarzania Danych","description":"Pomorskie Centrum Przetwarzania Danych","potentialAction":[{"@type":"SearchAction","target":{"@type":"EntryPoint","urlTemplate":"https:\/\/pcpd.pl\/?s={search_term_string}"},"query-input":{"@type":"PropertyValueSpecification","valueRequired":true,"valueName":"search_term_string"}}],"inLanguage":"pl-PL"}]}},"_links":{"self":[{"href":"https:\/\/pcpd.pl\/index.php?rest_route=\/wp\/v2\/pages\/1473","targetHints":{"allow":["GET"]}}],"collection":[{"href":"https:\/\/pcpd.pl\/index.php?rest_route=\/wp\/v2\/pages"}],"about":[{"href":"https:\/\/pcpd.pl\/index.php?rest_route=\/wp\/v2\/types\/page"}],"author":[{"embeddable":true,"href":"https:\/\/pcpd.pl\/index.php?rest_route=\/wp\/v2\/users\/1"}],"replies":[{"embeddable":true,"href":"https:\/\/pcpd.pl\/index.php?rest_route=%2Fwp%2Fv2%2Fcomments&post=1473"}],"version-history":[{"count":38,"href":"https:\/\/pcpd.pl\/index.php?rest_route=\/wp\/v2\/pages\/1473\/revisions"}],"predecessor-version":[{"id":3098,"href":"https:\/\/pcpd.pl\/index.php?rest_route=\/wp\/v2\/pages\/1473\/revisions\/3098"}],"up":[{"embeddable":true,"href":"https:\/\/pcpd.pl\/index.php?rest_route=\/wp\/v2\/pages\/272"}],"wp:attachment":[{"href":"https:\/\/pcpd.pl\/index.php?rest_route=%2Fwp%2Fv2%2Fmedia&parent=1473"}],"curies":[{"name":"wp","href":"https:\/\/api.w.org\/{rel}","templated":true}]}}