






{"id":1067,"date":"2012-01-11T11:16:20","date_gmt":"2012-01-11T11:16:20","guid":{"rendered":"http:\/\/pcpd.pl\/dev6\/?page_id=1067"},"modified":"2017-06-06T14:51:27","modified_gmt":"2017-06-06T12:51:27","slug":"backup","status":"publish","type":"page","link":"https:\/\/pcpd.pl\/?page_id=1067","title":{"rendered":"BACKUP"},"content":{"rendered":"\r\n<p style=\"text-align: justify;\"><blockquote><p><span style=\"font-size:20px;\">&rdquo;<\/span> <strong>Kopia bezpiecze\u0144stwa (ang. Backup copy)<\/strong> \u2013 w informatyce dane, kt\u00f3re maj\u0105 s\u0142u\u017cy\u0107 do odtworzenia oryginalnych danych w przypadku ich utraty lub uszkodzenia. Proces wykonywania kopii bezpiecze\u0144stwa, w odniesieniu do kopii d\u0142ugotrwa\u0142ych, jest nazywany archiwizacj\u0105. Mechanizm kopii bezpiecze\u0144stwa spotykany jest najcz\u0119\u015bciej w \u015brodowiskach serwerowych, gdzie regularne i automatyczne tworzenie kopii wa\u017cnych danych jest podstawowym mechanizmem ochrony tych danych. Istniej\u0105 r\u00f3wnie\u017c systemy, pozwalaj\u0105ce na zdalne wykonywanie kopii bezpiecze\u0144stwa, np. przez sie\u0107 lokaln\u0105 lub Internet (kopia bezpiecze\u0144stwa online); chronione w ten spos\u00f3b dane umieszczane s\u0105 na dyskach serwer\u00f3w w odleg\u0142ych centrach archiwizacji. Taka technika pozwala skutecznie chroni\u0107 dane przed wi\u0119kszo\u015bci\u0105 zdarze\u0144 losowych takich jak: kradzie\u017ce sprz\u0119tu, po\u017cary, powodzie, reinstalacja. <span style=\"font-size:20px;\">&ldquo;<\/span><\/p><cite>\u017ar\u00f3d\u0142o, <a href=\"http:\/\/pl.wikipedia.org\/wiki\/Backup\" target=\"_blank\">Wikipedia<\/a><\/cite><\/blockquote><\/p>\r\n<div class=\"two_third\">\r\n<p style=\"text-align: justify;\">Je\u017celi Twoja Firma przetwarza i przechowuje dane to jest nara\u017cona na ich utrat\u0119. Przyczyn mo\u017ce by\u0107 wiele: kradzie\u017c, b\u0142\u0105d lub celowe dzia\u0142ania u\u017cytkownika, uszkodzenie sprz\u0119tu lub oprogramowania, po\u017car lub inna kl\u0119ska \u017cywio\u0142owa. Zabezpieczeniem przed utrat\u0105 danych mo\u017ce by\u0107 wykonywanie okresowych kopii bezpiecze\u0144stwa ale dost\u0119pne systemy archiwizacji na ta\u015bmy i no\u015bniki optyczne s\u0105 wolne i nieefektywne a dodatkowo wymagaj\u0105 dzia\u0142a\u0144 odpowiednio przeszkolonego personelu.<\/p>\r\n<p style=\"text-align: justify;\">Kompleksowe rozwi\u0105zanie tego problemu to <strong>ASA: Automatyczny System Archiwizacji<\/strong> w technologii hybrydowej, nowa innowacyjna us\u0142uga PCPD. \u0141\u0105czy w sobie funkcje lokalnego serwera plik\u00f3w, szybkiego backupu oraz transferu przez Internet do bezpiecznego sejfu w nowoczesnym centrum danych. Zabezpiecza przed utrat\u0105 danych wynikaj\u0105c\u0105 z przypadku, celowych dzia\u0142a\u0144 lub zniszczenia infrastruktury komputerowej.<\/p>\r\n\r\n<\/div>\r\n\r\n<div class=\"one_third no-margin\">\r\n\r\n<img decoding=\"async\" src=\"http:\/\/91.221.26.18\/wp-content\/uploads\/2012\/01\/backup-asa-e1327070617868.jpg\" class=\"aligncenter icon\" alt=\"\" \/>\r\n\r\n<\/p><\/div>\r\n\r\n<div class=\"one_third\">\r\n<h3>Na czym polega ASA?<\/h3>\r\n<p style=\"text-align: justify;\">System sk\u0142ada si\u0119 z lokalnego urz\u0105dzenia ASA instalowanego w siedzibie Klienta oraz serwer\u00f3w us\u0142ugi umieszczonych w bezpiecznej serwerowni PCPD w Gda\u0144skim Parku Naukowo - Technologicznym.<\/p>\r\n<p style=\"text-align: justify;\">Kopie danych tworzone s\u0105 automatycznie wg harmonogramu w pierwszej kolejno\u015bci na dyski lokalnego urz\u0105dzenia us\u0142ugi ASA, a nast\u0119pnie odbywa si\u0119 transfer na serwery w PCPD. Takie rozwi\u0105zanie zapewnia du\u017c\u0105 wydajno\u015b\u0107 wykonywania kopii bezpiecze\u0144stwa oraz uniezale\u017cnia efektywne dzia\u0142anie us\u0142ugi od przepustowo\u015bci posiadanego \u0142\u0105cza. Dodatkowo, lokalne urz\u0105dzenie us\u0142ugi ASA mo\u017ce r\u00f3wnie\u017c pe\u0142ni\u0107 rol\u0119 serwera wymiany plik\u00f3w dla u\u017cytkownik\u00f3w, a automatyczne wersjonowanie dokument\u00f3w pozwala na\r\nodtworzenie poprzednich wersji dokument\u00f3w.<\/p>\r\n\r\n<\/div>\r\n\r\n<div class=\"two_third no-margin\">\r\n<br \/>\r\n<br \/>\r\n\r\n<img decoding=\"async\" src=\"http:\/\/91.221.26.18\/wp-content\/uploads\/2012\/01\/asa-grafika-e1327404533482.jpg\" class=\"aligncenter icon\" alt=\"\" \/>\r\n\r\n<\/div>\r\n<table width=\"100%\">\r\n<thead>\r\n<tr>\r\n<td style=\"width: 560px;\">\r\n<h3>Wybierz odpowiednie opcje dla Twojej firmy !<\/h3>\r\n<\/td>\r\n<td style=\"width: 160px;\">\r\n<h5>Uruchomienie uslugi<\/h5>\r\n(koszt jednorazowy)<\/td>\r\n<td>\r\n<h5>Replikacja danych w DC<\/h5>\r\n(koszt miesieczny za 1 GB)<\/td>\r\n<\/tr>\r\n<tr>\r\n<td class=\"colfirst\">\r\n<h4>ASA1<\/h4>\r\n<strong>Doskona\u0142e zabezpieczenie dla firm jednoosobowych<img decoding=\"async\" src=\"http:\/\/91.221.26.18\/wp-content\/uploads\/2012\/01\/asa1-e1327410036441.jpg\" class=\"alignright icon\" alt=\"\" \/><\/strong>\r\n<ul>\r\n\t<li>System backupu dla pojedynczego u\u017cytkownika\u00a0\u00a0\u00a0\u00a0\u00a0\u00a0\u00a0\u00a0\u00a0\u00a0\u00a0\u00a0\u00a0\u00a0\u00a0\u00a0\u00a0\u00a0\u00a0\u00a0<\/li>\r\n\t<li>Wykonuje automatycznie kopi\u0119 danych bezpo\u015bredniona serwery ASA umieszczone w profesjonalnej serwerowni<\/li>\r\n\t<li>Umo\u017cliwia bezpieczny dost\u0119p do danych z dowolnego miejsca<\/li>\r\n<\/ul>\r\n<\/td>\r\n<td><br \/>\r\n<br \/>\r\n<h3>499 zl<\/h3><\/td>\r\n<td><br \/>\r\n<br \/>\r\n<h2>2,99 zl \/ msc<\/h2><\/td>\r\n<\/tr>\r\n<tr>\r\n<td class=\"colfirst\">\r\n<h4>ASA10<\/h4>\r\n<strong>Idealne rozwi\u0105zanie dla kilkuosobowych firm<img decoding=\"async\" src=\"http:\/\/91.221.26.18\/wp-content\/uploads\/2012\/01\/asa10-szary-e1327577537970.jpg\" class=\"alignright icon\" alt=\"\" \/><\/strong>\r\n<ul>\r\n\t<li>Lokalny serwer o pojemno\u015bci 1TB<\/li>\r\n\t<li>Ma\u0142a obudowa i ma\u0142y pob\u00f3r mocy<\/li>\r\n\t<li>10 licencji na oprogramowanie dla stacji roboczych<\/li>\r\n\t<li>Wykonuje automatycznie kopi\u0119 danych oraz tworzy obrazy system\u00f3w<\/li>\r\n\t<li>Umo\u017cliwia bezpieczny dost\u0119p do danych z dowolnego miejsca<\/li>\r\n\t<li>Posiada porty Gigabit Ethernet, USB 2.0 i eSATA<\/li>\r\n<\/ul>\r\n<\/td>\r\n<td><br \/>\r\n<br \/>\r\n<br \/>\r\n<h3>3 499 zl<\/h3><\/td>\r\n<td><br \/>\r\n<br \/>\r\n<br \/>\r\n<h2>2,49 zl \/ msc<\/h2><\/td>\r\n<\/tr>\r\n<tr>\r\n<td class=\"colfirst\">\r\n<h4>ASA20<\/h4>\r\n<strong>Odpowiednie rozwi\u0105zanie dla ma\u0142ych i \u015brednich firm<img decoding=\"async\" src=\"http:\/\/91.221.26.18\/wp-content\/uploads\/2012\/01\/asa20-e1327410149793.jpg\" class=\"alignright icon\" alt=\"\" \/><\/strong>\r\n<ul>\r\n\t<li>Lokalny serwer o pojemno\u015b\u0107 do 4TB<\/li>\r\n\t<li>Obs\u0142uguje dodatkowe dyski zewn\u0119trzne przez USB<\/li>\r\n\t<li>20 licencji na oprogramowanie do backupu ze stacji\r\nroboczych i 1 licencja na Windows Server<\/li>\r\n\t<li>Umo\u017cliwia udost\u0119pnianie plik\u00f3w w sieci lokalnej\r\ni przez internet<\/li>\r\n\t<li>\u0141\u0105cze Gigabit do szybkiej pracy w sieci lokalnej<\/li>\r\n<\/ul>\r\n<\/td>\r\n<td><br \/>\r\n<br \/>\r\n<br \/>\r\n<h3>7 899 zl<\/h3><\/td>\r\n<td><br \/>\r\n<br \/>\r\n<br \/>\r\n<h2>1,99 zl \/ msc<\/h2><\/td>\r\n<\/tr>\r\n<tr>\r\n<td class=\"colfirst\">\r\n<h4>ASA50<\/h4>\r\n<strong>W\u0142a\u015bciwe rozwi\u0105zanie dla \u015brednich i du\u017cych firm oraz organizacji<img decoding=\"async\" src=\"http:\/\/91.221.26.18\/wp-content\/uploads\/2012\/01\/asa50-szary-e1327578328920.jpg\" class=\"alignright icon\" alt=\"\" \/><\/strong>\r\n<ul>\r\n\t<li>Lokalny serwer o pojemno\u015b\u0107 do 8TB<\/li>\r\n\t<li>Obs\u0142uguje dyski i macierze zewn\u0119trzne<\/li>\r\n\t<li>50 licencji na oprogramowanie do backupu\r\nstacji roboczych i 1 licencja na Windows Server<\/li>\r\n\t<li>Umo\u017cliwia udost\u0119pnianie plik\u00f3w w sieci lokalnej\r\ni przez internet<\/li>\r\n\t<li>\u0141\u0105cze Gigabit do szybkiej pracy w sieci lokalnej<\/li>\r\n<\/ul>\r\n<\/td>\r\n<td><br \/>\r\n<br \/>\r\n<br \/>\r\n<h3>16 399 zl<\/h3><\/td>\r\n<td><br \/>\r\n<br \/>\r\n<br \/>\r\n<h2>1,49 zl \/ msc<\/h2><\/td>\r\n<\/tr>\r\n<tr>\r\n<td class=\"colfirst\">\r\n<h4>ASA10 +S<\/h4>\r\n<h5>te same parametry co ASA10 plus licencja na serwer w pakiecie<\/h5>\r\n<\/td>\r\n<td><br \/><h3>4 499 zl<\/h3><\/td>\r\n<td><br \/><h2>2,49 zl \/ msc<\/h2><\/td>\r\n<\/tr>\r\n<tr>\r\n<td class=\"colfirst\">\r\n<h4>ASA1U<\/h4>\r\n<h5>licencja dodatkowa dla jednej stacji roboczej<\/h5>\r\n<\/td>\r\n<td><br \/><h3>199 zl<\/h3><\/td>\r\n<td><br \/><h2>-<\/h2><\/td>\r\n<\/tr>\r\n<tr>\r\n<td class=\"colfirst\">\r\n<h4>ASA1S<\/h4>\r\n<h5>licencja dodatkowa na serwer<\/h5>\r\n<\/td>\r\n<td><br \/><h3>1 399 zl<\/h3><\/td>\r\n<td><br \/><h2>-<\/h2><\/td>\r\n<\/tr>\r\n<\/thead>\r\n<\/table>\r\n<div class=\"one_half\">\r\n<p style=\"text-align: justify;\"><h3>Podstawowe zalety systemu<\/h3><strong>\r\n<ul>\r\n<li>Bezpieczne i szybkie kopiowanie kluczowych danych na kilka no\u015bnik\u00f3w<\/li>\r\n<li>Niewra\u017cliwo\u015b\u0107 na wolne \u0142\u0105cza transmisyjne<\/li>\r\n<li>Bezobs\u0142ugowa eksploatacja<\/li>\r\n<li>Dzia\u0142anie na otwartych plikach i bazach danych<\/li>\r\n<li>Kopiowanie danych zgodnie z ustalonym harmonogramem<\/li>\r\n<li>Raportowanie wykonania kopii<\/li>\r\n<li>Automatyczne wersjonowanie dokument\u00f3w<\/li>\r\n<\/ul>\r\n<\/strong><\/p>\r\n<\/div>\r\n<div class=\"one_half no-margin\">\r\n<br \/>\r\n<br \/>\r\n<strong>Prosta i szybka konfiguracja<\/strong><br \/><p style=\"text-align: justify;\">Konfiguracja systemu i wykonanie pierwszej pe\u0142nej kopii bezpiecze\u0144stwa wszystkich kluczowych danych s\u0105 realizowane przez naszego administratora. Kolejne kopie bezpiecze\u0144stwa s\u0105 wykonywane automatycznie w spos\u00f3b niewidoczny dla zwyk\u0142ego u\u017cytkownika, a system ASA nie rozprasza i nie przeszkadza w wykonywaniu codziennych zada\u0144. Funkcja dzia\u0142ania na otwartych plikach i bazach danych zapewnia, \u017ce kopie bezpiecze\u0144stwa wykonaj\u0105 si\u0119 zgodnie z zaplanowanym harmonogramem niezale\u017cnie od tego, co w danej chwili robi u\u017cytkownik komputera.<\/p>\r\n<\/div>\r\n<div class=\"one_half\">\r\n<img decoding=\"async\" src=\"http:\/\/91.221.26.18\/wp-content\/uploads\/2012\/01\/bezpieczenstwo1-e1327579562150.jpg\" class=\"alignleft icon\" alt=\"\" \/>\r\n<\/div>\r\n<div class=\"one_half no-margin\">\r\n<strong>Bezwzgl\u0119dne bezpiecze\u0144stwo danych<\/strong><br \/><p style=\"text-align: justify;\">Dane s\u0105 chronione nie tylko fizycznie poprzez umieszczenie urz\u0105dze\u0144 w profesjonalnej serwerowni ale tak\u017ce za pomoc\u0105 mechanizm\u00f3w szyfruj\u0105cych. Zanim dane zostan\u0105 wys\u0142ane z lokalnego urz\u0105dzenia ASA na serwery us\u0142ugi podlegaj\u0105 zaszyfrowaniu przez 256-bit AES (Advanced Encryption Standard). Jest to bardzo bezpieczny algorytm szyfrowania, wykorzystywany przez rz\u0105d USA do ochrony materia\u0142\u00f3w niejawnych, jest te\u017c powszechnie stosowany przez banki na ca\u0142ym \u015bwiecie. Dane s\u0105 szyfrowane zar\u00f3wno na urz\u0105dzeniu lokalnym jak i na serwerach us\u0142ugi ASA.<\/p>\r\n<\/div>\r\n<div class=\"clear\"><\/div>\r\n<div class=\"one_forth\">\r\n<\/div>\r\n<div class=\"one_forth\">\r\n<a href=\"http:\/\/epasystemy.pl\/\" target=\"_blank\"><img decoding=\"async\" src=\"http:\/\/pcpd.pl\/wp-content\/uploads\/2012\/07\/epa.png\" class=\"alignright icon\" alt=\"\" \/><\/a>\r\n<\/div>\r\n<div class=\"one_half no-margin\">\r\n<p align=\"justify\"><strong>Naszym Partnerem i wy\u0142\u0105cznym dostawc\u0105 rozwi\u0105za\u0144 <a href=\"http:\/\/www.ctera.pl\/ctera_zakupy.php\" target=\"_blank\">Ctera<\/a> jest <a href=\"http:\/\/epasystemy.pl\/\" target=\"_blank\">EPA Systemy sp. z o.o.<\/a>, firma dzia\u0142aj\u0105ca na og\u00f3lnopolskim rynku, specjalizuj\u0105ca si\u0119 w dystrybucji oraz sprzeda\u017cy zaawansowanych technologicznie produkt\u00f3w IT.<\/strong><\/p>\r\n<\/div>\r\n","protected":false},"excerpt":{"rendered":"<p>Wybierz odpowiednie opcje dla Twojej firmy ! Uruchomienie uslugi (koszt jednorazowy) Replikacja danych w DC (koszt miesieczny za 1 GB) ASA1 Doskona\u0142e zabezpieczenie dla firm jednoosobowych System backupu dla pojedynczego u\u017cytkownika\u00a0\u00a0\u00a0\u00a0\u00a0\u00a0\u00a0\u00a0\u00a0\u00a0\u00a0\u00a0\u00a0\u00a0\u00a0\u00a0\u00a0\u00a0\u00a0\u00a0 Wykonuje automatycznie kopi\u0119 danych bezpo\u015bredniona serwery ASA umieszczone w profesjonalnej serwerowni Umo\u017cliwia bezpieczny dost\u0119p do danych z dowolnego miejsca 499 zl 2,99 zl \/&#8230;<\/p>\n","protected":false},"author":1,"featured_media":0,"parent":272,"menu_order":0,"comment_status":"closed","ping_status":"open","template":"Template-Full-Width.php","meta":{"footnotes":""},"class_list":["post-1067","page","type-page","status-publish","hentry"],"yoast_head":"<!-- This site is optimized with the Yoast SEO plugin v27.5 - https:\/\/yoast.com\/product\/yoast-seo-wordpress\/ -->\n<title>BACKUP - Pomorskie Centrum Przetwarzania Danych<\/title>\n<meta name=\"robots\" content=\"index, follow, max-snippet:-1, max-image-preview:large, max-video-preview:-1\" \/>\n<link rel=\"canonical\" href=\"https:\/\/pcpd.pl\/?page_id=1067\" \/>\n<meta property=\"og:locale\" content=\"pl_PL\" \/>\n<meta property=\"og:type\" content=\"article\" \/>\n<meta property=\"og:title\" content=\"BACKUP - Pomorskie Centrum Przetwarzania Danych\" \/>\n<meta property=\"og:description\" content=\"Wybierz odpowiednie opcje dla Twojej firmy ! Uruchomienie uslugi (koszt jednorazowy) Replikacja danych w DC (koszt miesieczny za 1 GB) ASA1 Doskona\u0142e zabezpieczenie dla firm jednoosobowych System backupu dla pojedynczego u\u017cytkownika\u00a0\u00a0\u00a0\u00a0\u00a0\u00a0\u00a0\u00a0\u00a0\u00a0\u00a0\u00a0\u00a0\u00a0\u00a0\u00a0\u00a0\u00a0\u00a0\u00a0 Wykonuje automatycznie kopi\u0119 danych bezpo\u015bredniona serwery ASA umieszczone w profesjonalnej serwerowni Umo\u017cliwia bezpieczny dost\u0119p do danych z dowolnego miejsca 499 zl 2,99 zl \/...\" \/>\n<meta property=\"og:url\" content=\"https:\/\/pcpd.pl\/?page_id=1067\" \/>\n<meta property=\"og:site_name\" content=\"Pomorskie Centrum Przetwarzania Danych\" \/>\n<meta property=\"article:modified_time\" content=\"2017-06-06T12:51:27+00:00\" \/>\n<meta name=\"twitter:card\" content=\"summary_large_image\" \/>\n<meta name=\"twitter:label1\" content=\"Szacowany czas czytania\" \/>\n\t<meta name=\"twitter:data1\" content=\"5 minut\" \/>\n<script type=\"application\/ld+json\" class=\"yoast-schema-graph\">{\"@context\":\"https:\\\/\\\/schema.org\",\"@graph\":[{\"@type\":\"WebPage\",\"@id\":\"https:\\\/\\\/pcpd.pl\\\/?page_id=1067\",\"url\":\"https:\\\/\\\/pcpd.pl\\\/?page_id=1067\",\"name\":\"BACKUP - Pomorskie Centrum Przetwarzania Danych\",\"isPartOf\":{\"@id\":\"https:\\\/\\\/pcpd.pl\\\/#website\"},\"datePublished\":\"2012-01-11T11:16:20+00:00\",\"dateModified\":\"2017-06-06T12:51:27+00:00\",\"breadcrumb\":{\"@id\":\"https:\\\/\\\/pcpd.pl\\\/?page_id=1067#breadcrumb\"},\"inLanguage\":\"pl-PL\",\"potentialAction\":[{\"@type\":\"ReadAction\",\"target\":[\"https:\\\/\\\/pcpd.pl\\\/?page_id=1067\"]}]},{\"@type\":\"BreadcrumbList\",\"@id\":\"https:\\\/\\\/pcpd.pl\\\/?page_id=1067#breadcrumb\",\"itemListElement\":[{\"@type\":\"ListItem\",\"position\":1,\"name\":\"Strona g\u0142\u00f3wna\",\"item\":\"https:\\\/\\\/pcpd.pl\\\/\"},{\"@type\":\"ListItem\",\"position\":2,\"name\":\"OFERTA\",\"item\":\"https:\\\/\\\/pcpd.pl\\\/?page_id=272\"},{\"@type\":\"ListItem\",\"position\":3,\"name\":\"BACKUP\"}]},{\"@type\":\"WebSite\",\"@id\":\"https:\\\/\\\/pcpd.pl\\\/#website\",\"url\":\"https:\\\/\\\/pcpd.pl\\\/\",\"name\":\"Pomorskie Centrum Przetwarzania Danych\",\"description\":\"Pomorskie Centrum Przetwarzania Danych\",\"potentialAction\":[{\"@type\":\"SearchAction\",\"target\":{\"@type\":\"EntryPoint\",\"urlTemplate\":\"https:\\\/\\\/pcpd.pl\\\/?s={search_term_string}\"},\"query-input\":{\"@type\":\"PropertyValueSpecification\",\"valueRequired\":true,\"valueName\":\"search_term_string\"}}],\"inLanguage\":\"pl-PL\"}]}<\/script>\n<!-- \/ Yoast SEO plugin. -->","yoast_head_json":{"title":"BACKUP - Pomorskie Centrum Przetwarzania Danych","robots":{"index":"index","follow":"follow","max-snippet":"max-snippet:-1","max-image-preview":"max-image-preview:large","max-video-preview":"max-video-preview:-1"},"canonical":"https:\/\/pcpd.pl\/?page_id=1067","og_locale":"pl_PL","og_type":"article","og_title":"BACKUP - Pomorskie Centrum Przetwarzania Danych","og_description":"Wybierz odpowiednie opcje dla Twojej firmy ! Uruchomienie uslugi (koszt jednorazowy) Replikacja danych w DC (koszt miesieczny za 1 GB) ASA1 Doskona\u0142e zabezpieczenie dla firm jednoosobowych System backupu dla pojedynczego u\u017cytkownika\u00a0\u00a0\u00a0\u00a0\u00a0\u00a0\u00a0\u00a0\u00a0\u00a0\u00a0\u00a0\u00a0\u00a0\u00a0\u00a0\u00a0\u00a0\u00a0\u00a0 Wykonuje automatycznie kopi\u0119 danych bezpo\u015bredniona serwery ASA umieszczone w profesjonalnej serwerowni Umo\u017cliwia bezpieczny dost\u0119p do danych z dowolnego miejsca 499 zl 2,99 zl \/...","og_url":"https:\/\/pcpd.pl\/?page_id=1067","og_site_name":"Pomorskie Centrum Przetwarzania Danych","article_modified_time":"2017-06-06T12:51:27+00:00","twitter_card":"summary_large_image","twitter_misc":{"Szacowany czas czytania":"5 minut"},"schema":{"@context":"https:\/\/schema.org","@graph":[{"@type":"WebPage","@id":"https:\/\/pcpd.pl\/?page_id=1067","url":"https:\/\/pcpd.pl\/?page_id=1067","name":"BACKUP - Pomorskie Centrum Przetwarzania Danych","isPartOf":{"@id":"https:\/\/pcpd.pl\/#website"},"datePublished":"2012-01-11T11:16:20+00:00","dateModified":"2017-06-06T12:51:27+00:00","breadcrumb":{"@id":"https:\/\/pcpd.pl\/?page_id=1067#breadcrumb"},"inLanguage":"pl-PL","potentialAction":[{"@type":"ReadAction","target":["https:\/\/pcpd.pl\/?page_id=1067"]}]},{"@type":"BreadcrumbList","@id":"https:\/\/pcpd.pl\/?page_id=1067#breadcrumb","itemListElement":[{"@type":"ListItem","position":1,"name":"Strona g\u0142\u00f3wna","item":"https:\/\/pcpd.pl\/"},{"@type":"ListItem","position":2,"name":"OFERTA","item":"https:\/\/pcpd.pl\/?page_id=272"},{"@type":"ListItem","position":3,"name":"BACKUP"}]},{"@type":"WebSite","@id":"https:\/\/pcpd.pl\/#website","url":"https:\/\/pcpd.pl\/","name":"Pomorskie Centrum Przetwarzania Danych","description":"Pomorskie Centrum Przetwarzania Danych","potentialAction":[{"@type":"SearchAction","target":{"@type":"EntryPoint","urlTemplate":"https:\/\/pcpd.pl\/?s={search_term_string}"},"query-input":{"@type":"PropertyValueSpecification","valueRequired":true,"valueName":"search_term_string"}}],"inLanguage":"pl-PL"}]}},"_links":{"self":[{"href":"https:\/\/pcpd.pl\/index.php?rest_route=\/wp\/v2\/pages\/1067","targetHints":{"allow":["GET"]}}],"collection":[{"href":"https:\/\/pcpd.pl\/index.php?rest_route=\/wp\/v2\/pages"}],"about":[{"href":"https:\/\/pcpd.pl\/index.php?rest_route=\/wp\/v2\/types\/page"}],"author":[{"embeddable":true,"href":"https:\/\/pcpd.pl\/index.php?rest_route=\/wp\/v2\/users\/1"}],"replies":[{"embeddable":true,"href":"https:\/\/pcpd.pl\/index.php?rest_route=%2Fwp%2Fv2%2Fcomments&post=1067"}],"version-history":[{"count":124,"href":"https:\/\/pcpd.pl\/index.php?rest_route=\/wp\/v2\/pages\/1067\/revisions"}],"predecessor-version":[{"id":3012,"href":"https:\/\/pcpd.pl\/index.php?rest_route=\/wp\/v2\/pages\/1067\/revisions\/3012"}],"up":[{"embeddable":true,"href":"https:\/\/pcpd.pl\/index.php?rest_route=\/wp\/v2\/pages\/272"}],"wp:attachment":[{"href":"https:\/\/pcpd.pl\/index.php?rest_route=%2Fwp%2Fv2%2Fmedia&parent=1067"}],"curies":[{"name":"wp","href":"https:\/\/api.w.org\/{rel}","templated":true}]}}